{"id":5148,"date":"2021-07-31T02:36:21","date_gmt":"2021-07-31T05:36:21","guid":{"rendered":"http:\/\/www.tecnogran.com.br\/?page_id=5148"},"modified":"2021-07-31T02:36:23","modified_gmt":"2021-07-31T05:36:23","slug":"politica-de-privacidade","status":"publish","type":"page","link":"https:\/\/www.tecnogran.com.br\/site\/politica-de-privacidade\/","title":{"rendered":"Pol\u00edtica de Privacidade"},"content":{"rendered":"\n<section class=\"wp-block-uagb-section uagb-section__wrap uagb-section__background-undefined uagb-block-97be66bd container-1570\"><div class=\"uagb-section__overlay\"><\/div><div class=\"uagb-section__inner-wrap\">\n<h4 class=\"wp-block-heading\"><strong><strong>Informa\u00e7\u00f5es iniciais<\/strong><\/strong><\/h4>\n\n\n\n<p>Para an\u00e1lise do conte\u00fado desta Pol\u00edtica de Privacidade, define-se como:<\/p>\n\n\n\n<p><strong>Titular: <\/strong>&nbsp;Pessoa natural ou pessoa jur\u00eddica de direito p\u00fablico ou direito privado que fornece algum tipo de dado para a empresa Tecnogran Ind\u00fastria e Com\u00e9rcio de Artefatos de Cimento Ltda.<\/p>\n\n\n\n<p><strong>Controladora: <\/strong>A empresa Tecnogran Ind\u00fastria e Com\u00e9rcio de Artefatos de Cimento Ltda, que far\u00e1 a coleta dos dados necess\u00e1rios para a comercializa\u00e7\u00e3o de seus produtos no exerc\u00edcio de sua atividade social.<\/p>\n\n\n\n<p><strong>Operadora:<\/strong> A empresa ASSESSPLAIN, que realiza o armazenamento e tratamento dos dados coletados pela Controladora, objetivando efetivar os procedimentos necess\u00e1rios e legais na consecu\u00e7\u00e3o das atividades empresariais da Controladora.<\/p>\n\n\n\n<p><strong>Encarregado:<\/strong> Departamento Comercial da Controladora que intermedia as rela\u00e7\u00f5es entre os Titulares e a Controladora na coleta de dados e na consecu\u00e7\u00e3o do fornecimento de seus produtos ao mercado nacional e internacional.<\/p>\n\n\n\n<h4 class=\"wp-block-heading\"><strong><strong>Como recolhemos os dados<\/strong><\/strong><\/h4>\n\n\n\n<p>Os dados pessoais\/comerciais s\u00e3o recolhidos da seguinte forma:<\/p>\n\n\n\n<p>Coletamos suas informa\u00e7\u00f5es pessoais\/comerciais b\u00e1sicas, atrav\u00e9s de contato direto pelo nosso Departamento Comercial e Financeiro, utilizando qualquer meio de comunica\u00e7\u00e3o, seja ele eletr\u00f4nico, digital ou pessoalmente.<\/p>\n\n\n\n<h4 class=\"wp-block-heading\"><strong>Quais dados pessoais\/comerciais recolhemos sobre os Titulares:<\/strong><\/h4>\n\n\n\n<p>Os dados pessoais dos Titulares recolhidos s\u00e3o possivelmente os seguintes:<\/p>\n\n\n\n<p>Nome completo, CPF, RG ou CNH, CNPJ, Contrato Social, endere\u00e7o residencial ou comercial, telefones, e-mails, projetos de constru\u00e7\u00e3o civil, projetos arquitet\u00f4nicos, fotos e\/ou v\u00eddeos de locais de obras, refer\u00eancias banc\u00e1rias, filia\u00e7\u00e3o e\/ou s\u00f3cios.<\/p>\n\n\n\n<h4 class=\"wp-block-heading\"><strong>Finalidades da utiliza\u00e7\u00e3o dos dados pessoais\/comerciais dos Titulares:<\/strong><\/h4>\n\n\n\n<p>Os dados pessoais\/comerciais dos Titulares coletados pela Controladora e tratados pela Operadora tem por finalidade manter seu registro de dados atualizados, fazer um novo cadastro, processar solicita\u00e7\u00f5es, envio de faturas, fornecer produtos e servi\u00e7os, conceder cr\u00e9dito.<\/p>\n\n\n\n<p>O tratamento de dados pessoais\/comerciais para finalidades n\u00e3o previstas nesta Pol\u00edtica de Privacidade somente ocorrer\u00e1 mediante comunica\u00e7\u00e3o pr\u00e9via aos Titulares, de modo que os direitos e obriga\u00e7\u00f5es aqui previstos permanecem aplic\u00e1veis.<\/p>\n\n\n\n<h4 class=\"wp-block-heading\"><strong>Por quanto tempo os dados pessoais ficam armazenados:<\/strong><\/h4>\n\n\n\n<p>Os dados pessoais\/comerciais dos Titulares ser\u00e3o armazenados e utilizados durante o per\u00edodo necess\u00e1rio para a efetiva\u00e7\u00e3o de todo o processo comercial e industrial, presta\u00e7\u00e3o do servi\u00e7o ou o cumprimento das finalidades previstas no presente documento, conforme o disposto no inciso I do artigo 15 da Lei 13.709\/18.<\/p>\n\n\n\n<p>Os dados podem ser removidos ou anonimizados a pedido do Titular, excetuando os casos em que a lei oferecer outro tratamento.<\/p>\n\n\n\n<p>Ainda, os dados pessoais do Titular apenas podem ser conservados ap\u00f3s o t\u00e9rmino de seu tratamento nas seguintes hip\u00f3teses previstas no artigo 16 da referida Lei:<\/p>\n\n\n\n<p>I &#8211; Cumprimento de obriga\u00e7\u00e3o legal ou regulat\u00f3ria pelo Controlador;<\/p>\n\n\n\n<p>II &#8211; Estudo por \u00f3rg\u00e3o de pesquisa, garantida, sempre que poss\u00edvel, a anonimiza\u00e7\u00e3o dos dados pessoais;<\/p>\n\n\n\n<p>III &#8211; Transfer\u00eancia a terceiro, desde que respeitados os requisitos de tratamento de dados dispostos nesta Lei; ou<\/p>\n\n\n\n<p>IV &#8211; Uso exclusivo do Controlador, vedado seu acesso por terceiro, e desde que anonimizados os dados.<\/p>\n\n\n\n<h4 class=\"wp-block-heading\"><strong>Seguran\u00e7a dos dados pessoais armazenados:<\/strong><\/h4>\n\n\n\n<p>A Operadora se compromete a aplicar as medidas t\u00e9cnicas e organizativas aptas a proteger os dados pessoais\/comerciais de acessos n\u00e3o autorizados e de situa\u00e7\u00f5es de destrui\u00e7\u00e3o, perda, altera\u00e7\u00e3o, comunica\u00e7\u00e3o ou difus\u00e3o de tais dados.<\/p>\n\n\n\n<p>A Operadora se exime de responsabilidade por culpa exclusiva de terceiros, como em caso de ataque de hackers ou crackers, ou culpa exclusiva do Titular, como no caso em que ele mesmo transfere seus dados a terceiros. A Operadora se compromete a comunicar o Titular em caso de alguma viola\u00e7\u00e3o de seguran\u00e7a dos seus dados pessoais\/comerciais.<\/p>\n\n\n\n<p>Os dados pessoais\/comerciais armazenados s\u00e3o tratados com confidencialidade dentro dos limites legais. No entanto, podemos divulgar suas informa\u00e7\u00f5es pessoais\/comerciais caso sejamos obrigados pela lei para faz\u00ea-lo ou se voc\u00ea violar nossos termos contratuais.<\/p>\n\n\n\n<h4 class=\"wp-block-heading\"><strong>Compartilhamento dos dados:<\/strong><\/h4>\n\n\n\n<p>O compartilhamento de dados do Titular ocorre apenas com empresas pertencentes ao grupo econ\u00f4mico da Controladora, e empresas que interagem em seu processo de comercializa\u00e7\u00e3o\/produ\u00e7\u00e3o\/log\u00edstica, por exemplo, transportadoras que realizam a entrega de produtos adquiridos pelos Titulares na qualidade consumidores.<\/p>\n\n\n\n<h4 class=\"wp-block-heading\"><strong>Os dados pessoais armazenados ser\u00e3o transferidos a terceiros:<\/strong><\/h4>\n\n\n\n<p>Os dados pessoais podem ser compartilhados com a seguinte pessoa jur\u00eddica: ASSESSPLAIN <em>CNPJ: 00.906.252\/0001-84.<\/em><\/p>\n\n\n\n<p>A empresa indicada receber\u00e1 os dados na medida do necess\u00e1rio para permitir que ela realize os servi\u00e7os contratados na qualidade de Operadora, ou seja, a fim de garantir \u00fanica e exclusivamente a execu\u00e7\u00e3o do contrato firmado com a Controladora.<\/p>\n\n\n\n<p>Com rela\u00e7\u00e3o aos fornecedores de servi\u00e7os terceirizados como processadores de transa\u00e7\u00e3o de pagamento, informamos que cada qual tem a sua pr\u00f3pria pol\u00edtica de privacidade. Desse modo, recomendamos a leitura das suas pol\u00edticas de privacidade para compreens\u00e3o de quais informa\u00e7\u00f5es pessoais ser\u00e3o usadas por esses fornecedores.<\/p>\n\n\n\n<p>Os fornecedores podem ser localizados ou possuir instala\u00e7\u00f5es localizadas em unidades federativas diferentes das sedes da Controladora e da Operadora. Nessas condi\u00e7\u00f5es, os dados pessoais\/comerciais transferidos podem se sujeitar \u00e0s leis e jurisdi\u00e7\u00f5es nas quais o fornecedor dos servi\u00e7os ou suas instala\u00e7\u00f5es est\u00e3o localizados.<\/p>\n\n\n\n<h4 class=\"wp-block-heading\"><strong>Consentimento:<\/strong><\/h4>\n\n\n\n<p>Ao realizar negocia\u00e7\u00e3o\/comercializa\u00e7\u00e3o com a Controladora e fornecer as informa\u00e7\u00f5es pessoais\/comerciais para processamento pela Operadora, o assinante est\u00e1 consentindo com a presente Pol\u00edtica de Privacidade.<\/p>\n\n\n\n<p>O Titular, ao efetivar contrata\u00e7\u00e3o\/comercializa\u00e7\u00e3o com a Controladora manifesta conhecer e pode exercitar seus direitos de cancelar seu cadastro, acessar e atualizar seus dados pessoais\/comerciais e garante a veracidade das informa\u00e7\u00f5es por ele disponibilizadas.<\/p>\n\n\n\n<p>O assinante tem direito de retirar o seu consentimento a qualquer tempo, para tanto deve entrar em contato atrav\u00e9s do e-mail: lgpd@tecnogran.com.brou por correio enviado ao seguinte endere\u00e7o: Rua Jos\u00e9 Hauer, 525 &#8211; Bairro Uberaba &#8211; Curitiba\/PR &#8211; 81580-330.<\/p>\n\n\n\n<h4 class=\"wp-block-heading\"><strong>Altera\u00e7\u00f5es para essa pol\u00edtica de privacidade:<\/strong><\/h4>\n\n\n\n<p>Nos reservamos o direito de modificar essa Pol\u00edtica de Privacidade a qualquer momento, ent\u00e3o, \u00e9 recomend\u00e1vel que o Titular a revise sempre no caso de eventual negocia\u00e7\u00e3o\/comercializa\u00e7\u00e3o posterior com a Controladora.<\/p>\n\n\n\n<h4 class=\"wp-block-heading\"><strong>Jurisdi\u00e7\u00e3o para resolu\u00e7\u00e3o de conflitos:<\/strong><\/h4>\n\n\n\n<p>Para a solu\u00e7\u00e3o de eventuais controv\u00e9rsias decorrentes do presente instrumento, ser\u00e1 aplicado integralmente a legisla\u00e7\u00e3o vigente no direito brasileiro e aplic\u00e1vel \u00e0 esp\u00e9cie.<\/p>\n\n\n\n<p>A Pol\u00edtica de Privacidade adotada pela Controladora, neste momento tem a concord\u00e2ncia do Titular, de seus herdeiros ou sucessores, para elei\u00e7\u00e3o do Foro da Comarca Central da Regi\u00e3o Metropolitana de Curitiba &#8211; Paran\u00e1, para dirimir a qualquer tempo quest\u00f5es decorrentes da Lei Geral de Prote\u00e7\u00e3o de Dados, com ren\u00fancia expressa a qualquer outro por mais privilegiado que seja.<\/p>\n\n\n\n<h2 class=\"wp-block-heading\"><\/h2>\n\n\n\n<div style=\"height:40px\" aria-hidden=\"true\" class=\"wp-block-spacer\"><\/div>\n<\/div><\/section>\n","protected":false},"excerpt":{"rendered":"","protected":false},"author":2,"featured_media":766,"parent":0,"menu_order":0,"comment_status":"closed","ping_status":"closed","template":"","meta":{"_acf_changed":false,"_joinchat":[],"footnotes":""},"class_list":["post-5148","page","type-page","status-publish","has-post-thumbnail","hentry"],"acf":[],"_links":{"self":[{"href":"https:\/\/www.tecnogran.com.br\/site\/wp-json\/wp\/v2\/pages\/5148","targetHints":{"allow":["GET"]}}],"collection":[{"href":"https:\/\/www.tecnogran.com.br\/site\/wp-json\/wp\/v2\/pages"}],"about":[{"href":"https:\/\/www.tecnogran.com.br\/site\/wp-json\/wp\/v2\/types\/page"}],"author":[{"embeddable":true,"href":"https:\/\/www.tecnogran.com.br\/site\/wp-json\/wp\/v2\/users\/2"}],"replies":[{"embeddable":true,"href":"https:\/\/www.tecnogran.com.br\/site\/wp-json\/wp\/v2\/comments?post=5148"}],"version-history":[{"count":4,"href":"https:\/\/www.tecnogran.com.br\/site\/wp-json\/wp\/v2\/pages\/5148\/revisions"}],"predecessor-version":[{"id":5154,"href":"https:\/\/www.tecnogran.com.br\/site\/wp-json\/wp\/v2\/pages\/5148\/revisions\/5154"}],"wp:featuredmedia":[{"embeddable":true,"href":"https:\/\/www.tecnogran.com.br\/site\/wp-json\/wp\/v2\/media\/766"}],"wp:attachment":[{"href":"https:\/\/www.tecnogran.com.br\/site\/wp-json\/wp\/v2\/media?parent=5148"}],"curies":[{"name":"wp","href":"https:\/\/api.w.org\/{rel}","templated":true}]}}