{"id":7682,"date":"2025-10-09T22:12:56","date_gmt":"2025-10-10T01:12:56","guid":{"rendered":"https:\/\/www.tecnogran.com.br\/site\/?page_id=7682"},"modified":"2026-04-02T18:36:14","modified_gmt":"2026-04-02T21:36:14","slug":"linha-terrazzo","status":"publish","type":"page","link":"https:\/\/www.tecnogran.com.br\/site\/linha-terrazzo\/","title":{"rendered":"LINHA TERRAZZO"},"content":{"rendered":"\t\t<div data-elementor-type=\"wp-page\" data-elementor-id=\"7682\" class=\"elementor elementor-7682\" data-elementor-post-type=\"page\">\n\t\t\t\t<div class=\"elementor-element elementor-element-7347743 e-flex e-con-boxed e-con e-parent\" data-id=\"7347743\" data-element_type=\"container\" data-e-type=\"container\">\n\t\t\t\t\t<div class=\"e-con-inner\">\n\t\t<div class=\"elementor-element elementor-element-dd96308 e-con-full e-flex e-con e-child\" data-id=\"dd96308\" data-element_type=\"container\" data-e-type=\"container\" data-settings=\"{&quot;background_background&quot;:&quot;classic&quot;}\">\n\t\t\t\t<div class=\"elementor-element elementor-element-a616ca1 elementor-widget__width-initial elementor-widget elementor-widget-heading\" data-id=\"a616ca1\" data-element_type=\"widget\" data-e-type=\"widget\" data-widget_type=\"heading.default\">\n\t\t\t\t<div class=\"elementor-widget-container\">\n\t\t\t\t\t<h2 class=\"elementor-heading-title elementor-size-default\">Superf\u00edcies polidas com design marcante e resistente<\/h2>\t\t\t\t<\/div>\n\t\t\t\t<\/div>\n\t\t\t\t<\/div>\n\t\t\t\t\t<\/div>\n\t\t\t\t<\/div>\n\t\t<div class=\"elementor-element elementor-element-b6567d2 e-flex e-con-boxed e-con e-parent\" data-id=\"b6567d2\" data-element_type=\"container\" data-e-type=\"container\">\n\t\t\t\t\t<div class=\"e-con-inner\">\n\t\t<div class=\"elementor-element elementor-element-69dca8b e-con-full e-flex e-con e-child\" data-id=\"69dca8b\" data-element_type=\"container\" data-e-type=\"container\">\n\t\t\t\t<div class=\"elementor-element elementor-element-216815f elementor-widget elementor-widget-text-editor\" data-id=\"216815f\" data-element_type=\"widget\" data-e-type=\"widget\" data-widget_type=\"text-editor.default\">\n\t\t\t\t<div class=\"elementor-widget-container\">\n\t\t\t\t\t\t\t\t\tLinha Terrazzo\t\t\t\t\t\t\t\t<\/div>\n\t\t\t\t<\/div>\n\t\t\t\t<div class=\"elementor-element elementor-element-ee664f4 elementor-widget__width-initial elementor-widget-mobile__width-initial elementor-widget elementor-widget-heading\" data-id=\"ee664f4\" data-element_type=\"widget\" data-e-type=\"widget\" data-widget_type=\"heading.default\">\n\t\t\t\t<div class=\"elementor-widget-container\">\n\t\t\t\t\t<span class=\"elementor-heading-title elementor-size-default\">Superf\u00edcies polidas com design marcante, eleg\u00e2ncia duradoura e desempenho ideal para valorizar \u00e1reas externas de alto fluxo<\/span>\t\t\t\t<\/div>\n\t\t\t\t<\/div>\n\t\t\t\t<\/div>\n\t\t<div class=\"elementor-element elementor-element-d2680e3 e-con-full e-flex e-con e-child\" data-id=\"d2680e3\" data-element_type=\"container\" data-e-type=\"container\">\n\t\t\t\t<div class=\"elementor-element elementor-element-50daaad elementor-arrows-position-inside elementor-pagination-position-outside elementor-widget elementor-widget-image-carousel\" data-id=\"50daaad\" data-element_type=\"widget\" data-e-type=\"widget\" data-settings=\"{&quot;slides_to_show&quot;:&quot;4&quot;,&quot;image_spacing_custom&quot;:{&quot;unit&quot;:&quot;px&quot;,&quot;size&quot;:8,&quot;sizes&quot;:[]},&quot;navigation&quot;:&quot;both&quot;,&quot;autoplay&quot;:&quot;yes&quot;,&quot;pause_on_hover&quot;:&quot;yes&quot;,&quot;pause_on_interaction&quot;:&quot;yes&quot;,&quot;autoplay_speed&quot;:5000,&quot;infinite&quot;:&quot;yes&quot;,&quot;speed&quot;:500,&quot;image_spacing_custom_tablet&quot;:{&quot;unit&quot;:&quot;px&quot;,&quot;size&quot;:&quot;&quot;,&quot;sizes&quot;:[]},&quot;image_spacing_custom_mobile&quot;:{&quot;unit&quot;:&quot;px&quot;,&quot;size&quot;:&quot;&quot;,&quot;sizes&quot;:[]}}\" data-widget_type=\"image-carousel.default\">\n\t\t\t\t<div class=\"elementor-widget-container\">\n\t\t\t\t\t\t\t<div class=\"elementor-image-carousel-wrapper swiper\" role=\"region\" aria-roledescription=\"carousel\" aria-label=\"Image Carousel\" dir=\"ltr\">\n\t\t\t<div class=\"elementor-image-carousel swiper-wrapper\" aria-live=\"off\">\n\t\t\t\t\t\t\t\t<div class=\"swiper-slide\" role=\"group\" aria-roledescription=\"slide\" aria-label=\"1 of 40\"><figure class=\"swiper-slide-inner\"><img decoding=\"async\" class=\"swiper-slide-image\" src=\"https:\/\/www.tecnogran.com.br\/site\/wp-content\/uploads\/2025\/11\/terrazzo-genova-8328-preto-indiano-scaled.jpg\" alt=\"TERRAZZO GENOVA 8328 PRETO INDIANO\" \/><\/figure><\/div><div class=\"swiper-slide\" role=\"group\" aria-roledescription=\"slide\" aria-label=\"2 of 40\"><figure class=\"swiper-slide-inner\"><img decoding=\"async\" class=\"swiper-slide-image\" src=\"https:\/\/www.tecnogran.com.br\/site\/wp-content\/uploads\/2025\/11\/terrazzo-genova-8372-verde-sao-francisco-scaled.jpg\" alt=\"TERRAZZO GENOVA 8372 VERDE S\u00c3O FRANCISCO\" \/><\/figure><\/div><div class=\"swiper-slide\" role=\"group\" aria-roledescription=\"slide\" aria-label=\"3 of 40\"><figure class=\"swiper-slide-inner\"><img decoding=\"async\" class=\"swiper-slide-image\" src=\"https:\/\/www.tecnogran.com.br\/site\/wp-content\/uploads\/2025\/11\/terrazzo-genova-8393-marrom-cafe-scaled.jpg\" alt=\"TERRAZZO GENOVA 8393 MARROM CAF\u00c9\" \/><\/figure><\/div><div class=\"swiper-slide\" role=\"group\" aria-roledescription=\"slide\" aria-label=\"4 of 40\"><figure class=\"swiper-slide-inner\"><img decoding=\"async\" class=\"swiper-slide-image\" src=\"https:\/\/www.tecnogran.com.br\/site\/wp-content\/uploads\/2025\/11\/terrazzo-genova-8396-cinza-andorinha-scaled.jpg\" alt=\"TERRAZZO GENOVA 8396 CINZA ANDORINHA\" \/><\/figure><\/div><div class=\"swiper-slide\" role=\"group\" aria-roledescription=\"slide\" aria-label=\"5 of 40\"><figure class=\"swiper-slide-inner\"><img decoding=\"async\" class=\"swiper-slide-image\" src=\"https:\/\/www.tecnogran.com.br\/site\/wp-content\/uploads\/2025\/11\/terrazzo-genova-8398-vermelho-capao-bonito-scaled.jpg\" alt=\"TERRAZZO GENOVA 8398 VERMELHO CAP\u00c3O BONITO\" \/><\/figure><\/div><div class=\"swiper-slide\" role=\"group\" aria-roledescription=\"slide\" aria-label=\"6 of 40\"><figure class=\"swiper-slide-inner\"><img decoding=\"async\" class=\"swiper-slide-image\" src=\"https:\/\/www.tecnogran.com.br\/site\/wp-content\/uploads\/2025\/11\/terrazzo-genova-8416-verde-guatemala-scaled.jpg\" alt=\"TERRAZZO GENOVA 8416 VERDE GUATEMALA\" \/><\/figure><\/div><div class=\"swiper-slide\" role=\"group\" aria-roledescription=\"slide\" aria-label=\"7 of 40\"><figure class=\"swiper-slide-inner\"><img decoding=\"async\" class=\"swiper-slide-image\" src=\"https:\/\/www.tecnogran.com.br\/site\/wp-content\/uploads\/2025\/11\/terrazzo-genova-8502-vermelho-iracema-scaled.jpg\" alt=\"TERRAZZO GENOVA 8502 VERMELHO IRACEMA\" \/><\/figure><\/div><div class=\"swiper-slide\" role=\"group\" aria-roledescription=\"slide\" aria-label=\"8 of 40\"><figure class=\"swiper-slide-inner\"><img decoding=\"async\" class=\"swiper-slide-image\" src=\"https:\/\/www.tecnogran.com.br\/site\/wp-content\/uploads\/2025\/11\/terrazzo-genova-8586-bege-santa-cecilia-scaled.jpg\" alt=\"TERRAZZO GENOVA 8586 BEGE SANTA CEC\u00cdLIA\" \/><\/figure><\/div><div class=\"swiper-slide\" role=\"group\" aria-roledescription=\"slide\" aria-label=\"9 of 40\"><figure class=\"swiper-slide-inner\"><img decoding=\"async\" class=\"swiper-slide-image\" src=\"https:\/\/www.tecnogran.com.br\/site\/wp-content\/uploads\/2025\/11\/terrazzo-genova-8588-bege-dunas-scaled.jpg\" alt=\"TERRAZZO GENOVA 8588 BEGE DUNAS\" \/><\/figure><\/div><div class=\"swiper-slide\" role=\"group\" aria-roledescription=\"slide\" aria-label=\"10 of 40\"><figure class=\"swiper-slide-inner\"><img decoding=\"async\" class=\"swiper-slide-image\" src=\"https:\/\/www.tecnogran.com.br\/site\/wp-content\/uploads\/2025\/11\/terrazzo-genova-8615-amarelo-capri-scaled.jpg\" alt=\"TERRAZZO GENOVA 8615 AMARELO CAPRI\" \/><\/figure><\/div><div class=\"swiper-slide\" role=\"group\" aria-roledescription=\"slide\" aria-label=\"11 of 40\"><figure class=\"swiper-slide-inner\"><img decoding=\"async\" class=\"swiper-slide-image\" src=\"https:\/\/www.tecnogran.com.br\/site\/wp-content\/uploads\/2025\/11\/terrazzo-genova-9000-branco-parana-scaled.jpg\" alt=\"TERRAZZO GENOVA 9000 BRANCO PARAN\u00c1\" \/><\/figure><\/div><div class=\"swiper-slide\" role=\"group\" aria-roledescription=\"slide\" aria-label=\"12 of 40\"><figure class=\"swiper-slide-inner\"><img decoding=\"async\" class=\"swiper-slide-image\" src=\"https:\/\/www.tecnogran.com.br\/site\/wp-content\/uploads\/2025\/11\/terrazzo-roma-0402-cinza-samoa-scaled.jpg\" alt=\"TERRAZZO ROMA 0402 CINZA SAMOA\" \/><\/figure><\/div><div class=\"swiper-slide\" role=\"group\" aria-roledescription=\"slide\" aria-label=\"13 of 40\"><figure class=\"swiper-slide-inner\"><img decoding=\"async\" class=\"swiper-slide-image\" src=\"https:\/\/www.tecnogran.com.br\/site\/wp-content\/uploads\/2025\/11\/terrazzo-roma-2115-branco-siena-scaled.jpg\" alt=\"TERRAZZO ROMA 2115 BRANCO SIENA\" \/><\/figure><\/div><div class=\"swiper-slide\" role=\"group\" aria-roledescription=\"slide\" aria-label=\"14 of 40\"><figure class=\"swiper-slide-inner\"><img decoding=\"async\" class=\"swiper-slide-image\" src=\"https:\/\/www.tecnogran.com.br\/site\/wp-content\/uploads\/2025\/11\/terrazzo-roma-6061-branco-ceara-scaled.jpg\" alt=\"TERRAZZO ROMA 6061 BRANCO CEAR\u00c1\" \/><\/figure><\/div><div class=\"swiper-slide\" role=\"group\" aria-roledescription=\"slide\" aria-label=\"15 of 40\"><figure class=\"swiper-slide-inner\"><img decoding=\"async\" class=\"swiper-slide-image\" src=\"https:\/\/www.tecnogran.com.br\/site\/wp-content\/uploads\/2025\/11\/terrazzo-roma-6118-cinza-corumba-scaled.jpg\" alt=\"TERRAZZO ROMA 6118 CINZA CORUMB\u00c1\" \/><\/figure><\/div><div class=\"swiper-slide\" role=\"group\" aria-roledescription=\"slide\" aria-label=\"16 of 40\"><figure class=\"swiper-slide-inner\"><img decoding=\"async\" class=\"swiper-slide-image\" src=\"https:\/\/www.tecnogran.com.br\/site\/wp-content\/uploads\/2025\/11\/terrazzo-roma-6243-preto-sao-gabriel-scaled.jpg\" alt=\"TERRAZZO ROMA 6243 PRETO S\u00c3O GABRIEL\" \/><\/figure><\/div><div class=\"swiper-slide\" role=\"group\" aria-roledescription=\"slide\" aria-label=\"17 of 40\"><figure class=\"swiper-slide-inner\"><img decoding=\"async\" class=\"swiper-slide-image\" src=\"https:\/\/www.tecnogran.com.br\/site\/wp-content\/uploads\/2025\/11\/terrazzo-roma-6313-branco-itauna-scaled.jpg\" alt=\"TERRAZZO ROMA 6313 BRANCO ITA\u00daNA\" \/><\/figure><\/div><div class=\"swiper-slide\" role=\"group\" aria-roledescription=\"slide\" aria-label=\"18 of 40\"><figure class=\"swiper-slide-inner\"><img decoding=\"async\" class=\"swiper-slide-image\" src=\"https:\/\/www.tecnogran.com.br\/site\/wp-content\/uploads\/2025\/11\/terrazzo-roma-7638-azul-bahia-scaled.jpg\" alt=\"TERRAZZO ROMA 7638 AZUL BAHIA\" \/><\/figure><\/div><div class=\"swiper-slide\" role=\"group\" aria-roledescription=\"slide\" aria-label=\"19 of 40\"><figure class=\"swiper-slide-inner\"><img decoding=\"async\" class=\"swiper-slide-image\" src=\"https:\/\/www.tecnogran.com.br\/site\/wp-content\/uploads\/2025\/11\/terrazzo-roma-7684-branco-marfim-scaled.jpg\" alt=\"TERRAZZO ROMA 7684 BRANCO MARFIM\" \/><\/figure><\/div><div class=\"swiper-slide\" role=\"group\" aria-roledescription=\"slide\" aria-label=\"20 of 40\"><figure class=\"swiper-slide-inner\"><img decoding=\"async\" class=\"swiper-slide-image\" src=\"https:\/\/www.tecnogran.com.br\/site\/wp-content\/uploads\/2025\/11\/terrazzo-roma-7881-bege-santa-helena-scaled.jpg\" alt=\"TERRAZZO ROMA 7881 BEGE SANTA HELENA\" \/><\/figure><\/div><div class=\"swiper-slide\" role=\"group\" aria-roledescription=\"slide\" aria-label=\"21 of 40\"><figure class=\"swiper-slide-inner\"><img decoding=\"async\" class=\"swiper-slide-image\" src=\"https:\/\/www.tecnogran.com.br\/site\/wp-content\/uploads\/2025\/11\/terrazzo-roma-8328-preto-indiano-scaled.jpg\" alt=\"TERRAZZO ROMA 8328 PRETO INDIANO\" \/><\/figure><\/div><div class=\"swiper-slide\" role=\"group\" aria-roledescription=\"slide\" aria-label=\"22 of 40\"><figure class=\"swiper-slide-inner\"><img decoding=\"async\" class=\"swiper-slide-image\" src=\"https:\/\/www.tecnogran.com.br\/site\/wp-content\/uploads\/2025\/11\/terrazzo-roma-8372-verde-sao-francisco-scaled.jpg\" alt=\"TERRAZZO ROMA 8372 VERDE S\u00c3O FRANCISCO\" \/><\/figure><\/div><div class=\"swiper-slide\" role=\"group\" aria-roledescription=\"slide\" aria-label=\"23 of 40\"><figure class=\"swiper-slide-inner\"><img decoding=\"async\" class=\"swiper-slide-image\" src=\"https:\/\/www.tecnogran.com.br\/site\/wp-content\/uploads\/2025\/11\/terrazzo-roma-8393-marrom-cafe-scaled.jpg\" alt=\"TERRAZZO ROMA 8393 MARROM CAF\u00c9\" \/><\/figure><\/div><div class=\"swiper-slide\" role=\"group\" aria-roledescription=\"slide\" aria-label=\"24 of 40\"><figure class=\"swiper-slide-inner\"><img decoding=\"async\" class=\"swiper-slide-image\" src=\"https:\/\/www.tecnogran.com.br\/site\/wp-content\/uploads\/2025\/11\/terrazzo-roma-8396-cinza-andorinha-scaled.jpg\" alt=\"TERRAZZO ROMA 8396 CINZA ANDORINHA\" \/><\/figure><\/div><div class=\"swiper-slide\" role=\"group\" aria-roledescription=\"slide\" aria-label=\"25 of 40\"><figure class=\"swiper-slide-inner\"><img decoding=\"async\" class=\"swiper-slide-image\" src=\"https:\/\/www.tecnogran.com.br\/site\/wp-content\/uploads\/2025\/11\/terrazzo-roma-8398-vermelho-capao-bonito-scaled.jpg\" alt=\"TERRAZZO ROMA 8398 VERMELHO CAP\u00c3O BONITO\" \/><\/figure><\/div><div class=\"swiper-slide\" role=\"group\" aria-roledescription=\"slide\" aria-label=\"26 of 40\"><figure class=\"swiper-slide-inner\"><img decoding=\"async\" class=\"swiper-slide-image\" src=\"https:\/\/www.tecnogran.com.br\/site\/wp-content\/uploads\/2025\/11\/terrazzo-roma-8416-verde-guatemala-scaled.jpg\" alt=\"TERRAZZO ROMA 8416 VERDE GUATEMALA\" \/><\/figure><\/div><div class=\"swiper-slide\" role=\"group\" aria-roledescription=\"slide\" aria-label=\"27 of 40\"><figure class=\"swiper-slide-inner\"><img decoding=\"async\" class=\"swiper-slide-image\" src=\"https:\/\/www.tecnogran.com.br\/site\/wp-content\/uploads\/2025\/11\/terrazzo-roma-8502-vermelho-iracema-scaled.jpg\" alt=\"TERRAZZO ROMA 8502 VERMELHO IRACEMA\" \/><\/figure><\/div><div class=\"swiper-slide\" role=\"group\" aria-roledescription=\"slide\" aria-label=\"28 of 40\"><figure class=\"swiper-slide-inner\"><img decoding=\"async\" class=\"swiper-slide-image\" src=\"https:\/\/www.tecnogran.com.br\/site\/wp-content\/uploads\/2025\/11\/terrazzo-roma-8586-bege-santa-cecilia-scaled.jpg\" alt=\"TERRAZZO ROMA 8586 BEGE SANTA CEC\u00cdLIA\" \/><\/figure><\/div><div class=\"swiper-slide\" role=\"group\" aria-roledescription=\"slide\" aria-label=\"29 of 40\"><figure class=\"swiper-slide-inner\"><img decoding=\"async\" class=\"swiper-slide-image\" src=\"https:\/\/www.tecnogran.com.br\/site\/wp-content\/uploads\/2025\/11\/terrazzo-roma-8588-bege-dunas-scaled.jpg\" alt=\"TERRAZZO ROMA 8588 BEGE DUNAS\" \/><\/figure><\/div><div class=\"swiper-slide\" role=\"group\" aria-roledescription=\"slide\" aria-label=\"30 of 40\"><figure class=\"swiper-slide-inner\"><img decoding=\"async\" class=\"swiper-slide-image\" src=\"https:\/\/www.tecnogran.com.br\/site\/wp-content\/uploads\/2025\/11\/terrazzo-roma-8615-amarelo-capri-scaled.jpg\" alt=\"TERRAZZO ROMA 8615 AMARELO CAPRI\" \/><\/figure><\/div><div class=\"swiper-slide\" role=\"group\" aria-roledescription=\"slide\" aria-label=\"31 of 40\"><figure class=\"swiper-slide-inner\"><img decoding=\"async\" class=\"swiper-slide-image\" src=\"https:\/\/www.tecnogran.com.br\/site\/wp-content\/uploads\/2025\/11\/terrazzo-roma-9000-branco-parana-scaled.jpg\" alt=\"TERRAZZO ROMA 9000 BRANCO PARAN\u00c1\" \/><\/figure><\/div><div class=\"swiper-slide\" role=\"group\" aria-roledescription=\"slide\" aria-label=\"32 of 40\"><figure class=\"swiper-slide-inner\"><img decoding=\"async\" class=\"swiper-slide-image\" src=\"https:\/\/www.tecnogran.com.br\/site\/wp-content\/uploads\/2025\/11\/terrazzo-genova-0402-cinza-samoa-scaled.jpg\" alt=\"TERRAZZO GENOVA 0402 CINZA SAMOA\" \/><\/figure><\/div><div class=\"swiper-slide\" role=\"group\" aria-roledescription=\"slide\" aria-label=\"33 of 40\"><figure class=\"swiper-slide-inner\"><img decoding=\"async\" class=\"swiper-slide-image\" src=\"https:\/\/www.tecnogran.com.br\/site\/wp-content\/uploads\/2025\/11\/terrazzo-genova-2115-branco-siena-scaled.jpg\" alt=\"TERRAZZO GENOVA 2115 BRANCO SIENA\" \/><\/figure><\/div><div class=\"swiper-slide\" role=\"group\" aria-roledescription=\"slide\" aria-label=\"34 of 40\"><figure class=\"swiper-slide-inner\"><img decoding=\"async\" class=\"swiper-slide-image\" src=\"https:\/\/www.tecnogran.com.br\/site\/wp-content\/uploads\/2025\/11\/terrazzo-genova-6061-branco-ceara-scaled.jpg\" alt=\"TERRAZZO GENOVA 6061 BRANCO CEAR\u00c1\" \/><\/figure><\/div><div class=\"swiper-slide\" role=\"group\" aria-roledescription=\"slide\" aria-label=\"35 of 40\"><figure class=\"swiper-slide-inner\"><img decoding=\"async\" class=\"swiper-slide-image\" src=\"https:\/\/www.tecnogran.com.br\/site\/wp-content\/uploads\/2025\/11\/terrazzo-genova-6118-cinza-corumba-scaled.jpg\" alt=\"TERRAZZO GENOVA 6118 CINZA CORUMB\u00c1\" \/><\/figure><\/div><div class=\"swiper-slide\" role=\"group\" aria-roledescription=\"slide\" aria-label=\"36 of 40\"><figure class=\"swiper-slide-inner\"><img decoding=\"async\" class=\"swiper-slide-image\" src=\"https:\/\/www.tecnogran.com.br\/site\/wp-content\/uploads\/2025\/11\/terrazzo-genova-6243-preto-sao-gabriel-scaled.jpg\" alt=\"TERRAZZO GENOVA 6243 PRETO S\u00c3O GABRIEL\" \/><\/figure><\/div><div class=\"swiper-slide\" role=\"group\" aria-roledescription=\"slide\" aria-label=\"37 of 40\"><figure class=\"swiper-slide-inner\"><img decoding=\"async\" class=\"swiper-slide-image\" src=\"https:\/\/www.tecnogran.com.br\/site\/wp-content\/uploads\/2025\/11\/terrazzo-genova-6313-branco-itauna-scaled.jpg\" alt=\"TERRAZZO GENOVA 6313 BRANCO ITA\u00daNA\" \/><\/figure><\/div><div class=\"swiper-slide\" role=\"group\" aria-roledescription=\"slide\" aria-label=\"38 of 40\"><figure class=\"swiper-slide-inner\"><img decoding=\"async\" class=\"swiper-slide-image\" src=\"https:\/\/www.tecnogran.com.br\/site\/wp-content\/uploads\/2025\/11\/terrazzo-genova-7638-azul-bahia-scaled.jpg\" alt=\"TERRAZZO GENOVA 7638 AZUL BAHIA\" \/><\/figure><\/div><div class=\"swiper-slide\" role=\"group\" aria-roledescription=\"slide\" aria-label=\"39 of 40\"><figure class=\"swiper-slide-inner\"><img decoding=\"async\" class=\"swiper-slide-image\" src=\"https:\/\/www.tecnogran.com.br\/site\/wp-content\/uploads\/2025\/11\/terrazzo-genova-7684-branco-marfim-scaled.jpg\" alt=\"TERRAZZO GENOVA 7684 BRANCO MARFIM\" \/><\/figure><\/div><div class=\"swiper-slide\" role=\"group\" aria-roledescription=\"slide\" aria-label=\"40 of 40\"><figure class=\"swiper-slide-inner\"><img decoding=\"async\" class=\"swiper-slide-image\" src=\"https:\/\/www.tecnogran.com.br\/site\/wp-content\/uploads\/2025\/11\/terrazzo-genova-7881-bege-santa-helena-scaled.jpg\" alt=\"TERRAZZO GENOVA 7881 BEGE SANTA HELENA\" \/><\/figure><\/div>\t\t\t<\/div>\n\t\t\t\t\t\t\t\t\t\t\t\t<div class=\"elementor-swiper-button elementor-swiper-button-prev\" role=\"button\" tabindex=\"0\">\n\t\t\t\t\t\t<svg aria-hidden=\"true\" class=\"e-font-icon-svg e-eicon-chevron-left\" viewBox=\"0 0 1000 1000\" xmlns=\"http:\/\/www.w3.org\/2000\/svg\"><path d=\"M646 125C629 125 613 133 604 142L308 442C296 454 292 471 292 487 292 504 296 521 308 533L604 854C617 867 629 875 646 875 663 875 679 871 692 858 704 846 713 829 713 812 713 796 708 779 692 767L438 487 692 225C700 217 708 204 708 187 708 171 704 154 692 142 675 129 663 125 646 125Z\"><\/path><\/svg>\t\t\t\t\t<\/div>\n\t\t\t\t\t<div class=\"elementor-swiper-button elementor-swiper-button-next\" role=\"button\" tabindex=\"0\">\n\t\t\t\t\t\t<svg aria-hidden=\"true\" class=\"e-font-icon-svg e-eicon-chevron-right\" viewBox=\"0 0 1000 1000\" xmlns=\"http:\/\/www.w3.org\/2000\/svg\"><path d=\"M696 533C708 521 713 504 713 487 713 471 708 454 696 446L400 146C388 133 375 125 354 125 338 125 325 129 313 142 300 154 292 171 292 187 292 204 296 221 308 233L563 492 304 771C292 783 288 800 288 817 288 833 296 850 308 863 321 871 338 875 354 875 371 875 388 867 400 854L696 533Z\"><\/path><\/svg>\t\t\t\t\t<\/div>\n\t\t\t\t\n\t\t\t\t\t\t\t\t\t<div class=\"swiper-pagination\"><\/div>\n\t\t\t\t\t\t\t\t\t<\/div>\n\t\t\t\t\t\t<\/div>\n\t\t\t\t<\/div>\n\t\t\t\t<\/div>\n\t\t\t\t\t<\/div>\n\t\t\t\t<\/div>\n\t\t<div class=\"elementor-element elementor-element-4c843ee e-flex e-con-boxed e-con e-parent\" data-id=\"4c843ee\" data-element_type=\"container\" data-e-type=\"container\">\n\t\t\t\t\t<div class=\"e-con-inner\">\n\t\t<div class=\"elementor-element elementor-element-8c6e355 e-con-full e-flex e-con e-child\" data-id=\"8c6e355\" data-element_type=\"container\" data-e-type=\"container\">\n\t\t\t\t<div class=\"elementor-element elementor-element-5c1ec73 elementor-widget__width-initial elementor-widget elementor-widget-text-editor\" data-id=\"5c1ec73\" data-element_type=\"widget\" data-e-type=\"widget\" data-widget_type=\"text-editor.default\">\n\t\t\t\t<div class=\"elementor-widget-container\">\n\t\t\t\t\t\t\t\t\tAplica\u00e7\u00f5es\t\t\t\t\t\t\t\t<\/div>\n\t\t\t\t<\/div>\n\t\t\t\t<div class=\"elementor-element elementor-element-1b603b9 elementor-widget__width-initial elementor-widget elementor-widget-text-editor\" data-id=\"1b603b9\" data-element_type=\"widget\" data-e-type=\"widget\" data-widget_type=\"text-editor.default\">\n\t\t\t\t<div class=\"elementor-widget-container\">\n\t\t\t\t\t\t\t\t\tLinha Terrazzo \u2013 Design autoral para projetos com personalidade\t\t\t\t\t\t\t\t<\/div>\n\t\t\t\t<\/div>\n\t\t\t\t<div class=\"elementor-element elementor-element-388510f elementor-widget__width-initial elementor-widget elementor-widget-text-editor\" data-id=\"388510f\" data-element_type=\"widget\" data-e-type=\"widget\" data-widget_type=\"text-editor.default\">\n\t\t\t\t<div class=\"elementor-widget-container\">\n\t\t\t\t\t\t\t\t\tA Linha Terrazzo foi desenvolvida para oferecer m\u00e1xima seguran\u00e7a com alta resist\u00eancia ao escorregamento, aliando acabamento polido com desenhos sofisticados.\n\n\nPerfeita para ambientes externos com grande circula\u00e7\u00e3o de pessoas e cargas leves, proporciona desempenho t\u00e9cnico superior sem abrir m\u00e3o da est\u00e9tica.\t\t\t\t\t\t\t\t<\/div>\n\t\t\t\t<\/div>\n\t\t\t\t<div class=\"elementor-element elementor-element-d63393e elementor-align-left elementor-widget elementor-widget-button\" data-id=\"d63393e\" data-element_type=\"widget\" data-e-type=\"widget\" data-widget_type=\"button.default\">\n\t\t\t\t<div class=\"elementor-widget-container\">\n\t\t\t\t\t\t\t\t\t<div class=\"elementor-button-wrapper\">\n\t\t\t\t\t<a class=\"elementor-button elementor-button-link elementor-size-sm\" href=\"#elementor-action%3Aaction%3Dpopup%3Aopen%26settings%3DeyJpZCI6IjgyMTYiLCJ0b2dnbGUiOmZhbHNlfQ%3D%3D\">\n\t\t\t\t\t\t<span class=\"elementor-button-content-wrapper\">\n\t\t\t\t\t\t<span class=\"elementor-button-icon\">\n\t\t\t\t<svg aria-hidden=\"true\" class=\"e-font-icon-svg e-fas-arrow-circle-right\" viewBox=\"0 0 512 512\" xmlns=\"http:\/\/www.w3.org\/2000\/svg\"><path d=\"M256 8c137 0 248 111 248 248S393 504 256 504 8 393 8 256 119 8 256 8zm-28.9 143.6l75.5 72.4H120c-13.3 0-24 10.7-24 24v16c0 13.3 10.7 24 24 24h182.6l-75.5 72.4c-9.7 9.3-9.9 24.8-.4 34.3l11 10.9c9.4 9.4 24.6 9.4 33.9 0L404.3 273c9.4-9.4 9.4-24.6 0-33.9L271.6 106.3c-9.4-9.4-24.6-9.4-33.9 0l-11 10.9c-9.5 9.6-9.3 25.1.4 34.4z\"><\/path><\/svg>\t\t\t<\/span>\n\t\t\t\t\t\t\t\t\t<span class=\"elementor-button-text\">Entre em contato conosco<\/span>\n\t\t\t\t\t<\/span>\n\t\t\t\t\t<\/a>\n\t\t\t\t<\/div>\n\t\t\t\t\t\t\t\t<\/div>\n\t\t\t\t<\/div>\n\t\t\t\t<\/div>\n\t\t<div class=\"elementor-element elementor-element-f37f7e3 e-con-full e-flex e-con e-child\" data-id=\"f37f7e3\" data-element_type=\"container\" data-e-type=\"container\">\n\t\t\t\t<div class=\"elementor-element elementor-element-af81211 elementor-widget elementor-widget-image\" data-id=\"af81211\" data-element_type=\"widget\" data-e-type=\"widget\" data-widget_type=\"image.default\">\n\t\t\t\t<div class=\"elementor-widget-container\">\n\t\t\t\t\t\t\t\t\t\t\t\t\t\t\t<img fetchpriority=\"high\" decoding=\"async\" width=\"372\" height=\"488\" src=\"https:\/\/www.tecnogran.com.br\/site\/wp-content\/uploads\/2025\/10\/t022.png\" class=\"attachment-large size-large wp-image-8233\" alt=\"\" srcset=\"https:\/\/www.tecnogran.com.br\/site\/wp-content\/uploads\/2025\/10\/t022.png 372w, https:\/\/www.tecnogran.com.br\/site\/wp-content\/uploads\/2025\/10\/t022-229x300.png 229w\" sizes=\"(max-width: 372px) 100vw, 372px\" \/>\t\t\t\t\t\t\t\t\t\t\t\t\t\t\t<\/div>\n\t\t\t\t<\/div>\n\t\t\t\t<div class=\"elementor-element elementor-element-a5d91ff elementor-widget elementor-widget-image\" data-id=\"a5d91ff\" data-element_type=\"widget\" data-e-type=\"widget\" data-widget_type=\"image.default\">\n\t\t\t\t<div class=\"elementor-widget-container\">\n\t\t\t\t\t\t\t\t\t\t\t\t\t\t\t<img decoding=\"async\" width=\"371\" height=\"487\" src=\"https:\/\/www.tecnogran.com.br\/site\/wp-content\/uploads\/2025\/10\/t011.png\" class=\"attachment-large size-large wp-image-8234\" alt=\"\" srcset=\"https:\/\/www.tecnogran.com.br\/site\/wp-content\/uploads\/2025\/10\/t011.png 371w, https:\/\/www.tecnogran.com.br\/site\/wp-content\/uploads\/2025\/10\/t011-229x300.png 229w\" sizes=\"(max-width: 371px) 100vw, 371px\" \/>\t\t\t\t\t\t\t\t\t\t\t\t\t\t\t<\/div>\n\t\t\t\t<\/div>\n\t\t\t\t<\/div>\n\t\t\t\t\t<\/div>\n\t\t\t\t<\/div>\n\t\t\t\t<\/div>\n\t\t","protected":false},"excerpt":{"rendered":"<p>Superf\u00edcies polidas com design marcante e resistente Linha Terrazzo Superf\u00edcies polidas com design marcante, eleg\u00e2ncia duradoura e desempenho ideal para valorizar \u00e1reas externas de alto fluxo Aplica\u00e7\u00f5esLinha Terrazzo \u2013 Design autoral para projetos com personalidadeA Linha Terrazzo foi desenvolvida para oferecer m\u00e1xima seguran\u00e7a com alta resist\u00eancia ao escorregamento, aliando acabamento polido com desenhos sofisticados. Perfeita [&hellip;]<\/p>\n","protected":false},"author":3,"featured_media":0,"parent":0,"menu_order":0,"comment_status":"closed","ping_status":"closed","template":"elementor_header_footer","meta":{"_acf_changed":false,"_joinchat":[],"footnotes":""},"class_list":["post-7682","page","type-page","status-publish","hentry"],"acf":[],"_links":{"self":[{"href":"https:\/\/www.tecnogran.com.br\/site\/wp-json\/wp\/v2\/pages\/7682","targetHints":{"allow":["GET"]}}],"collection":[{"href":"https:\/\/www.tecnogran.com.br\/site\/wp-json\/wp\/v2\/pages"}],"about":[{"href":"https:\/\/www.tecnogran.com.br\/site\/wp-json\/wp\/v2\/types\/page"}],"author":[{"embeddable":true,"href":"https:\/\/www.tecnogran.com.br\/site\/wp-json\/wp\/v2\/users\/3"}],"replies":[{"embeddable":true,"href":"https:\/\/www.tecnogran.com.br\/site\/wp-json\/wp\/v2\/comments?post=7682"}],"version-history":[{"count":54,"href":"https:\/\/www.tecnogran.com.br\/site\/wp-json\/wp\/v2\/pages\/7682\/revisions"}],"predecessor-version":[{"id":8878,"href":"https:\/\/www.tecnogran.com.br\/site\/wp-json\/wp\/v2\/pages\/7682\/revisions\/8878"}],"wp:attachment":[{"href":"https:\/\/www.tecnogran.com.br\/site\/wp-json\/wp\/v2\/media?parent=7682"}],"curies":[{"name":"wp","href":"https:\/\/api.w.org\/{rel}","templated":true}]}}