{"id":7821,"date":"2025-10-10T11:34:37","date_gmt":"2025-10-10T14:34:37","guid":{"rendered":"https:\/\/www.tecnogran.com.br\/site\/?page_id=7821"},"modified":"2026-04-02T18:29:54","modified_gmt":"2026-04-02T21:29:54","slug":"blog-5","status":"publish","type":"page","link":"https:\/\/www.tecnogran.com.br\/site\/blog-5\/","title":{"rendered":"BLOG"},"content":{"rendered":"\t\t<div data-elementor-type=\"wp-page\" data-elementor-id=\"7821\" class=\"elementor elementor-7821\" data-elementor-post-type=\"page\">\n\t\t\t\t<div class=\"elementor-element elementor-element-a6ac544 e-flex e-con-boxed e-con e-parent\" data-id=\"a6ac544\" data-element_type=\"container\" data-e-type=\"container\">\n\t\t\t\t\t<div class=\"e-con-inner\">\n\t\t\t\t<div class=\"elementor-element elementor-element-f415550 elementor-grid-3 elementor-grid-tablet-2 elementor-grid-mobile-1 elementor-posts--thumbnail-top load-more-align-center elementor-widget elementor-widget-posts\" data-id=\"f415550\" data-element_type=\"widget\" data-e-type=\"widget\" data-settings=\"{&quot;pagination_type&quot;:&quot;load_more_on_click&quot;,&quot;classic_columns&quot;:&quot;3&quot;,&quot;classic_columns_tablet&quot;:&quot;2&quot;,&quot;classic_columns_mobile&quot;:&quot;1&quot;,&quot;classic_row_gap&quot;:{&quot;unit&quot;:&quot;px&quot;,&quot;size&quot;:35,&quot;sizes&quot;:[]},&quot;classic_row_gap_tablet&quot;:{&quot;unit&quot;:&quot;px&quot;,&quot;size&quot;:&quot;&quot;,&quot;sizes&quot;:[]},&quot;classic_row_gap_mobile&quot;:{&quot;unit&quot;:&quot;px&quot;,&quot;size&quot;:&quot;&quot;,&quot;sizes&quot;:[]},&quot;load_more_spinner&quot;:{&quot;value&quot;:&quot;fas fa-spinner&quot;,&quot;library&quot;:&quot;fa-solid&quot;}}\" data-widget_type=\"posts.classic\">\n\t\t\t\t<div class=\"elementor-widget-container\">\n\t\t\t\t\t\t\t<div class=\"elementor-posts-container elementor-posts elementor-posts--skin-classic elementor-grid\" role=\"list\">\n\t\t\t\t<article class=\"elementor-post elementor-grid-item post-7185 post type-post status-publish format-standard has-post-thumbnail hentry category-nao-categorizado-10\" role=\"listitem\">\n\t\t\t\t<a class=\"elementor-post__thumbnail__link\" href=\"https:\/\/www.tecnogran.com.br\/site\/lavaggio-sesc-24-de-maio-2\/\" tabindex=\"-1\" >\n\t\t\t<div class=\"elementor-post__thumbnail\"><img fetchpriority=\"high\" decoding=\"async\" width=\"514\" height=\"515\" src=\"https:\/\/www.tecnogran.com.br\/site\/wp-content\/uploads\/2021\/05\/sesc24-1.png\" class=\"attachment-full size-full wp-image-7187\" alt=\"\" srcset=\"https:\/\/www.tecnogran.com.br\/site\/wp-content\/uploads\/2021\/05\/sesc24-1.png 514w, https:\/\/www.tecnogran.com.br\/site\/wp-content\/uploads\/2021\/05\/sesc24-1-300x300.png 300w, https:\/\/www.tecnogran.com.br\/site\/wp-content\/uploads\/2021\/05\/sesc24-1-150x150.png 150w\" sizes=\"(max-width: 514px) 100vw, 514px\" \/><\/div>\n\t\t<\/a>\n\t\t\t\t<div class=\"elementor-post__text\">\n\t\t\t\t<h3 class=\"elementor-post__title\">\n\t\t\t<a href=\"https:\/\/www.tecnogran.com.br\/site\/lavaggio-sesc-24-de-maio-2\/\" >\n\t\t\t\tLavaggio SESC 24 de Maio\t\t\t<\/a>\n\t\t<\/h3>\n\t\t\t\t<div class=\"elementor-post__meta-data\">\n\t\t\t\t\t<span class=\"elementor-post-date\">\n\t\t\t6 de September de 2025\t\t<\/span>\n\t\t\t\t<span class=\"elementor-post-avatar\">\n\t\t\tNo Comments\t\t<\/span>\n\t\t\t\t<\/div>\n\t\t\t\t<div class=\"elementor-post__excerpt\">\n\t\t\t<p>Em homenagem a Paulo Mendes da Rocha, mais uma foto do Sesc 24 de maio, que \u00e9 refer\u00eancia arquitet\u00f4nica quando pensamos em modernidade.\u2800O projeto utiliza<\/p>\n\t\t<\/div>\n\t\t\n\t\t<a class=\"elementor-post__read-more\" href=\"https:\/\/www.tecnogran.com.br\/site\/lavaggio-sesc-24-de-maio-2\/\" aria-label=\"Read more about Lavaggio SESC 24 de Maio\" tabindex=\"-1\" >\n\t\t\tRead More \u00bb\t\t<\/a>\n\n\t\t\t\t<\/div>\n\t\t\t\t<\/article>\n\t\t\t\t<article class=\"elementor-post elementor-grid-item post-7186 post type-post status-publish format-standard has-post-thumbnail hentry category-nao-categorizado-11\" role=\"listitem\">\n\t\t\t\t<a class=\"elementor-post__thumbnail__link\" href=\"https:\/\/www.tecnogran.com.br\/site\/grupo-tecnogran-apresenta-sua-nova-marca-em-evento-exclusivo-para-convidados-na-casacor-pr-2021-2\/\" tabindex=\"-1\" >\n\t\t\t<div class=\"elementor-post__thumbnail\"><img decoding=\"async\" width=\"1620\" height=\"1080\" src=\"https:\/\/www.tecnogran.com.br\/site\/wp-content\/uploads\/2021\/10\/tecnogran_casacor_0265-1-scaled-1.jpg\" class=\"attachment-full size-full wp-image-7190\" alt=\"\" srcset=\"https:\/\/www.tecnogran.com.br\/site\/wp-content\/uploads\/2021\/10\/tecnogran_casacor_0265-1-scaled-1.jpg 1620w, https:\/\/www.tecnogran.com.br\/site\/wp-content\/uploads\/2021\/10\/tecnogran_casacor_0265-1-scaled-1-300x200.jpg 300w, https:\/\/www.tecnogran.com.br\/site\/wp-content\/uploads\/2021\/10\/tecnogran_casacor_0265-1-scaled-1-1024x683.jpg 1024w, https:\/\/www.tecnogran.com.br\/site\/wp-content\/uploads\/2021\/10\/tecnogran_casacor_0265-1-scaled-1-768x512.jpg 768w, https:\/\/www.tecnogran.com.br\/site\/wp-content\/uploads\/2021\/10\/tecnogran_casacor_0265-1-scaled-1-1536x1024.jpg 1536w\" sizes=\"(max-width: 1620px) 100vw, 1620px\" \/><\/div>\n\t\t<\/a>\n\t\t\t\t<div class=\"elementor-post__text\">\n\t\t\t\t<h3 class=\"elementor-post__title\">\n\t\t\t<a href=\"https:\/\/www.tecnogran.com.br\/site\/grupo-tecnogran-apresenta-sua-nova-marca-em-evento-exclusivo-para-convidados-na-casacor-pr-2021-2\/\" >\n\t\t\t\tGrupo Tecnogran apresenta sua nova marca em evento exclusivo para convidados na CasaCor PR 2021\t\t\t<\/a>\n\t\t<\/h3>\n\t\t\t\t<div class=\"elementor-post__meta-data\">\n\t\t\t\t\t<span class=\"elementor-post-date\">\n\t\t\t6 de September de 2025\t\t<\/span>\n\t\t\t\t<span class=\"elementor-post-avatar\">\n\t\t\tNo Comments\t\t<\/span>\n\t\t\t\t<\/div>\n\t\t\t\t<div class=\"elementor-post__excerpt\">\n\t\t\t<p>Depois de mais de 30 anos atendendo especifica\u00e7\u00f5es para grandes obras nacionais e internacionais com revestimentos ciment\u00edcios, o grupo Tecnogran resolveu ir al\u00e9m com o<\/p>\n\t\t<\/div>\n\t\t\n\t\t<a class=\"elementor-post__read-more\" href=\"https:\/\/www.tecnogran.com.br\/site\/grupo-tecnogran-apresenta-sua-nova-marca-em-evento-exclusivo-para-convidados-na-casacor-pr-2021-2\/\" aria-label=\"Read more about Grupo Tecnogran apresenta sua nova marca em evento exclusivo para convidados na CasaCor PR 2021\" tabindex=\"-1\" >\n\t\t\tRead More \u00bb\t\t<\/a>\n\n\t\t\t\t<\/div>\n\t\t\t\t<\/article>\n\t\t\t\t<article class=\"elementor-post elementor-grid-item post-7181 post type-post status-publish format-standard has-post-thumbnail hentry category-nao-categorizado-9\" role=\"listitem\">\n\t\t\t\t<a class=\"elementor-post__thumbnail__link\" href=\"https:\/\/www.tecnogran.com.br\/site\/voce-sabia-que-a-tecnogran-tambem-atua-no-exterior-2\/\" tabindex=\"-1\" >\n\t\t\t<div class=\"elementor-post__thumbnail\"><img decoding=\"async\" width=\"500\" height=\"500\" src=\"https:\/\/www.tecnogran.com.br\/site\/wp-content\/uploads\/2021\/04\/plaza-1.png\" class=\"attachment-full size-full wp-image-7182\" alt=\"\" srcset=\"https:\/\/www.tecnogran.com.br\/site\/wp-content\/uploads\/2021\/04\/plaza-1.png 500w, https:\/\/www.tecnogran.com.br\/site\/wp-content\/uploads\/2021\/04\/plaza-1-300x300.png 300w, https:\/\/www.tecnogran.com.br\/site\/wp-content\/uploads\/2021\/04\/plaza-1-150x150.png 150w\" sizes=\"(max-width: 500px) 100vw, 500px\" \/><\/div>\n\t\t<\/a>\n\t\t\t\t<div class=\"elementor-post__text\">\n\t\t\t\t<h3 class=\"elementor-post__title\">\n\t\t\t<a href=\"https:\/\/www.tecnogran.com.br\/site\/voce-sabia-que-a-tecnogran-tambem-atua-no-exterior-2\/\" >\n\t\t\t\tVoc\u00ea sabia que a Tecnogran tamb\u00e9m atua no exterior?\t\t\t<\/a>\n\t\t<\/h3>\n\t\t\t\t<div class=\"elementor-post__meta-data\">\n\t\t\t\t\t<span class=\"elementor-post-date\">\n\t\t\t6 de September de 2025\t\t<\/span>\n\t\t\t\t<span class=\"elementor-post-avatar\">\n\t\t\tNo Comments\t\t<\/span>\n\t\t\t\t<\/div>\n\t\t\t\t<div class=\"elementor-post__excerpt\">\n\t\t\t<p>A &#8220;Plaza principal de Warnes&#8221; fica na Bol\u00edvia e conta com quase 6000m2 de pisos aplicados, dentre eles, os pisos da Linha Terrazzo no modelo<\/p>\n\t\t<\/div>\n\t\t\n\t\t<a class=\"elementor-post__read-more\" href=\"https:\/\/www.tecnogran.com.br\/site\/voce-sabia-que-a-tecnogran-tambem-atua-no-exterior-2\/\" aria-label=\"Read more about Voc\u00ea sabia que a Tecnogran tamb\u00e9m atua no exterior?\" tabindex=\"-1\" >\n\t\t\tRead More \u00bb\t\t<\/a>\n\n\t\t\t\t<\/div>\n\t\t\t\t<\/article>\n\t\t\t\t<article class=\"elementor-post elementor-grid-item post-7177 post type-post status-publish format-standard has-post-thumbnail hentry category-nao-categorizado-8\" role=\"listitem\">\n\t\t\t\t<a class=\"elementor-post__thumbnail__link\" href=\"https:\/\/www.tecnogran.com.br\/site\/loja-conceito-criada-para-transmitir-um-pouco-do-que-sera-viver-dentro-do-primeiro-bairro-parque-do-brasil-2\/\" tabindex=\"-1\" >\n\t\t\t<div class=\"elementor-post__thumbnail\"><img loading=\"lazy\" decoding=\"async\" width=\"1080\" height=\"1080\" src=\"https:\/\/www.tecnogran.com.br\/site\/wp-content\/uploads\/2021\/03\/vivapark-04-scaled-1.jpg\" class=\"attachment-full size-full wp-image-7178\" alt=\"\" srcset=\"https:\/\/www.tecnogran.com.br\/site\/wp-content\/uploads\/2021\/03\/vivapark-04-scaled-1.jpg 1080w, https:\/\/www.tecnogran.com.br\/site\/wp-content\/uploads\/2021\/03\/vivapark-04-scaled-1-300x300.jpg 300w, https:\/\/www.tecnogran.com.br\/site\/wp-content\/uploads\/2021\/03\/vivapark-04-scaled-1-1024x1024.jpg 1024w, https:\/\/www.tecnogran.com.br\/site\/wp-content\/uploads\/2021\/03\/vivapark-04-scaled-1-150x150.jpg 150w, https:\/\/www.tecnogran.com.br\/site\/wp-content\/uploads\/2021\/03\/vivapark-04-scaled-1-768x768.jpg 768w\" sizes=\"(max-width: 1080px) 100vw, 1080px\" \/><\/div>\n\t\t<\/a>\n\t\t\t\t<div class=\"elementor-post__text\">\n\t\t\t\t<h3 class=\"elementor-post__title\">\n\t\t\t<a href=\"https:\/\/www.tecnogran.com.br\/site\/loja-conceito-criada-para-transmitir-um-pouco-do-que-sera-viver-dentro-do-primeiro-bairro-parque-do-brasil-2\/\" >\n\t\t\t\tLoja conceito criada para transmitir um pouco do que ser\u00e1 viver dentro do primeiro bairro parque do Brasil\t\t\t<\/a>\n\t\t<\/h3>\n\t\t\t\t<div class=\"elementor-post__meta-data\">\n\t\t\t\t\t<span class=\"elementor-post-date\">\n\t\t\t6 de September de 2025\t\t<\/span>\n\t\t\t\t<span class=\"elementor-post-avatar\">\n\t\t\tNo Comments\t\t<\/span>\n\t\t\t\t<\/div>\n\t\t\t\t<div class=\"elementor-post__excerpt\">\n\t\t\t<p>O VIVAPARK \u00e9 um lugar seguro que une qualidade de vida atrave\u0301s do contato com a natureza e o meio ambiente, criando um ambiente para<\/p>\n\t\t<\/div>\n\t\t\n\t\t<a class=\"elementor-post__read-more\" href=\"https:\/\/www.tecnogran.com.br\/site\/loja-conceito-criada-para-transmitir-um-pouco-do-que-sera-viver-dentro-do-primeiro-bairro-parque-do-brasil-2\/\" aria-label=\"Read more about Loja conceito criada para transmitir um pouco do que ser\u00e1 viver dentro do primeiro bairro parque do Brasil\" tabindex=\"-1\" >\n\t\t\tRead More \u00bb\t\t<\/a>\n\n\t\t\t\t<\/div>\n\t\t\t\t<\/article>\n\t\t\t\t<article class=\"elementor-post elementor-grid-item post-7173 post type-post status-publish format-standard has-post-thumbnail hentry category-nao-categorizado-7\" role=\"listitem\">\n\t\t\t\t<a class=\"elementor-post__thumbnail__link\" href=\"https:\/\/www.tecnogran.com.br\/site\/mais-um-projeto-lindo-de-residencia-com-os-nossos-revestimentos-2\/\" tabindex=\"-1\" >\n\t\t\t<div class=\"elementor-post__thumbnail\"><img loading=\"lazy\" decoding=\"async\" width=\"1080\" height=\"1080\" src=\"https:\/\/www.tecnogran.com.br\/site\/wp-content\/uploads\/2021\/03\/modelos-instagram-residencia-frg-1.jpg\" class=\"attachment-full size-full wp-image-7174\" alt=\"\" srcset=\"https:\/\/www.tecnogran.com.br\/site\/wp-content\/uploads\/2021\/03\/modelos-instagram-residencia-frg-1.jpg 1080w, https:\/\/www.tecnogran.com.br\/site\/wp-content\/uploads\/2021\/03\/modelos-instagram-residencia-frg-1-300x300.jpg 300w, https:\/\/www.tecnogran.com.br\/site\/wp-content\/uploads\/2021\/03\/modelos-instagram-residencia-frg-1-1024x1024.jpg 1024w, https:\/\/www.tecnogran.com.br\/site\/wp-content\/uploads\/2021\/03\/modelos-instagram-residencia-frg-1-150x150.jpg 150w, https:\/\/www.tecnogran.com.br\/site\/wp-content\/uploads\/2021\/03\/modelos-instagram-residencia-frg-1-768x768.jpg 768w\" sizes=\"(max-width: 1080px) 100vw, 1080px\" \/><\/div>\n\t\t<\/a>\n\t\t\t\t<div class=\"elementor-post__text\">\n\t\t\t\t<h3 class=\"elementor-post__title\">\n\t\t\t<a href=\"https:\/\/www.tecnogran.com.br\/site\/mais-um-projeto-lindo-de-residencia-com-os-nossos-revestimentos-2\/\" >\n\t\t\t\tMais um projeto lindo de resid\u00eancia com os nossos revestimentos.\t\t\t<\/a>\n\t\t<\/h3>\n\t\t\t\t<div class=\"elementor-post__meta-data\">\n\t\t\t\t\t<span class=\"elementor-post-date\">\n\t\t\t6 de September de 2025\t\t<\/span>\n\t\t\t\t<span class=\"elementor-post-avatar\">\n\t\t\tNo Comments\t\t<\/span>\n\t\t\t\t<\/div>\n\t\t\t\t<div class=\"elementor-post__excerpt\">\n\t\t\t<p>Nesse ambiente foram utilizados os nossos produtos na linha Oro, que entregam resist\u00eancia e sofistica\u00e7\u00e3o pelas suas granilhas mais nobres que o comum!<\/p>\n\t\t<\/div>\n\t\t\n\t\t<a class=\"elementor-post__read-more\" href=\"https:\/\/www.tecnogran.com.br\/site\/mais-um-projeto-lindo-de-residencia-com-os-nossos-revestimentos-2\/\" aria-label=\"Read more about Mais um projeto lindo de resid\u00eancia com os nossos revestimentos.\" tabindex=\"-1\" >\n\t\t\tRead More \u00bb\t\t<\/a>\n\n\t\t\t\t<\/div>\n\t\t\t\t<\/article>\n\t\t\t\t<article class=\"elementor-post elementor-grid-item post-7169 post type-post status-publish format-standard has-post-thumbnail hentry category-nao-categorizado-6\" role=\"listitem\">\n\t\t\t\t<a class=\"elementor-post__thumbnail__link\" href=\"https:\/\/www.tecnogran.com.br\/site\/construir-seu-espaco-de-lazer-nunca-foi-tao-facil-2\/\" tabindex=\"-1\" >\n\t\t\t<div class=\"elementor-post__thumbnail\"><img loading=\"lazy\" decoding=\"async\" width=\"501\" height=\"502\" src=\"https:\/\/www.tecnogran.com.br\/site\/wp-content\/uploads\/2021\/03\/igui2-1-1.png\" class=\"attachment-full size-full wp-image-7170\" alt=\"\" srcset=\"https:\/\/www.tecnogran.com.br\/site\/wp-content\/uploads\/2021\/03\/igui2-1-1.png 501w, https:\/\/www.tecnogran.com.br\/site\/wp-content\/uploads\/2021\/03\/igui2-1-1-300x300.png 300w, https:\/\/www.tecnogran.com.br\/site\/wp-content\/uploads\/2021\/03\/igui2-1-1-150x150.png 150w\" sizes=\"(max-width: 501px) 100vw, 501px\" \/><\/div>\n\t\t<\/a>\n\t\t\t\t<div class=\"elementor-post__text\">\n\t\t\t\t<h3 class=\"elementor-post__title\">\n\t\t\t<a href=\"https:\/\/www.tecnogran.com.br\/site\/construir-seu-espaco-de-lazer-nunca-foi-tao-facil-2\/\" >\n\t\t\t\tConstruir seu espa\u00e7o de lazer nunca foi t\u00e3o f\u00e1cil!\t\t\t<\/a>\n\t\t<\/h3>\n\t\t\t\t<div class=\"elementor-post__meta-data\">\n\t\t\t\t\t<span class=\"elementor-post-date\">\n\t\t\t6 de September de 2025\t\t<\/span>\n\t\t\t\t<span class=\"elementor-post-avatar\">\n\t\t\tNo Comments\t\t<\/span>\n\t\t\t\t<\/div>\n\t\t\t\t<div class=\"elementor-post__excerpt\">\n\t\t\t<p>Agora voc\u00ea pode encontrar a nossa linha PISCINAS tamb\u00e9m em algumas revendas iGUi, e sair de l\u00e1 com o seu projeto completo. Entre em contato<\/p>\n\t\t<\/div>\n\t\t\n\t\t<a class=\"elementor-post__read-more\" href=\"https:\/\/www.tecnogran.com.br\/site\/construir-seu-espaco-de-lazer-nunca-foi-tao-facil-2\/\" aria-label=\"Read more about Construir seu espa\u00e7o de lazer nunca foi t\u00e3o f\u00e1cil!\" tabindex=\"-1\" >\n\t\t\tRead More \u00bb\t\t<\/a>\n\n\t\t\t\t<\/div>\n\t\t\t\t<\/article>\n\t\t\t\t<\/div>\n\t\t\t\t\t<span class=\"e-load-more-spinner\">\n\t\t\t\t<svg aria-hidden=\"true\" class=\"e-font-icon-svg e-fas-spinner\" viewBox=\"0 0 512 512\" xmlns=\"http:\/\/www.w3.org\/2000\/svg\"><path d=\"M304 48c0 26.51-21.49 48-48 48s-48-21.49-48-48 21.49-48 48-48 48 21.49 48 48zm-48 368c-26.51 0-48 21.49-48 48s21.49 48 48 48 48-21.49 48-48-21.49-48-48-48zm208-208c-26.51 0-48 21.49-48 48s21.49 48 48 48 48-21.49 48-48-21.49-48-48-48zM96 256c0-26.51-21.49-48-48-48S0 229.49 0 256s21.49 48 48 48 48-21.49 48-48zm12.922 99.078c-26.51 0-48 21.49-48 48s21.49 48 48 48 48-21.49 48-48c0-26.509-21.491-48-48-48zm294.156 0c-26.51 0-48 21.49-48 48s21.49 48 48 48 48-21.49 48-48c0-26.509-21.49-48-48-48zM108.922 60.922c-26.51 0-48 21.49-48 48s21.49 48 48 48 48-21.49 48-48-21.491-48-48-48z\"><\/path><\/svg>\t\t\t<\/span>\n\t\t\n\t\t\t\t<div class=\"e-load-more-anchor\" data-page=\"1\" data-max-page=\"4\" data-next-page=\"https:\/\/www.tecnogran.com.br\/site\/wp-json\/wp\/v2\/pages\/7821\/page\/2\/\"><\/div>\n\t\t\t\t<div class=\"elementor-button-wrapper\">\n\t\t\t<a class=\"elementor-button elementor-size-sm\" role=\"button\">\n\t\t\t\t\t\t<span class=\"elementor-button-content-wrapper\">\n\t\t\t\t\t\t\t\t\t<span class=\"elementor-button-text\">Carregar mais<\/span>\n\t\t\t\t\t<\/span>\n\t\t\t\t\t<\/a>\n\t\t<\/div>\n\t\t\t\t<div class=\"e-load-more-message\"><\/div>\n\t\t\t\t\t\t<\/div>\n\t\t\t\t<\/div>\n\t\t\t\t\t<\/div>\n\t\t\t\t<\/div>\n\t\t\t\t<\/div>\n\t\t","protected":false},"excerpt":{"rendered":"","protected":false},"author":3,"featured_media":0,"parent":0,"menu_order":0,"comment_status":"closed","ping_status":"closed","template":"elementor_header_footer","meta":{"_acf_changed":false,"_joinchat":[],"footnotes":""},"class_list":["post-7821","page","type-page","status-publish","hentry"],"acf":[],"_links":{"self":[{"href":"https:\/\/www.tecnogran.com.br\/site\/wp-json\/wp\/v2\/pages\/7821","targetHints":{"allow":["GET"]}}],"collection":[{"href":"https:\/\/www.tecnogran.com.br\/site\/wp-json\/wp\/v2\/pages"}],"about":[{"href":"https:\/\/www.tecnogran.com.br\/site\/wp-json\/wp\/v2\/types\/page"}],"author":[{"embeddable":true,"href":"https:\/\/www.tecnogran.com.br\/site\/wp-json\/wp\/v2\/users\/3"}],"replies":[{"embeddable":true,"href":"https:\/\/www.tecnogran.com.br\/site\/wp-json\/wp\/v2\/comments?post=7821"}],"version-history":[{"count":43,"href":"https:\/\/www.tecnogran.com.br\/site\/wp-json\/wp\/v2\/pages\/7821\/revisions"}],"predecessor-version":[{"id":8850,"href":"https:\/\/www.tecnogran.com.br\/site\/wp-json\/wp\/v2\/pages\/7821\/revisions\/8850"}],"wp:attachment":[{"href":"https:\/\/www.tecnogran.com.br\/site\/wp-json\/wp\/v2\/media?parent=7821"}],"curies":[{"name":"wp","href":"https:\/\/api.w.org\/{rel}","templated":true}]}}