{"id":8493,"date":"2025-11-14T15:54:50","date_gmt":"2025-11-14T18:54:50","guid":{"rendered":"https:\/\/www.tecnogran.com.br\/site\/?page_id=8493"},"modified":"2026-04-02T18:28:14","modified_gmt":"2026-04-02T21:28:14","slug":"quartzo","status":"publish","type":"page","link":"https:\/\/www.tecnogran.com.br\/site\/quartzo\/","title":{"rendered":"QUARTZO"},"content":{"rendered":"\t\t<div data-elementor-type=\"wp-page\" data-elementor-id=\"8493\" class=\"elementor elementor-8493\" data-elementor-post-type=\"page\">\n\t\t\t\t<div class=\"elementor-element elementor-element-26f0774 e-flex e-con-boxed e-con e-parent\" data-id=\"26f0774\" data-element_type=\"container\" data-e-type=\"container\">\n\t\t\t\t\t<div class=\"e-con-inner\">\n\t\t<div class=\"elementor-element elementor-element-9543fa6 e-con-full e-flex e-con e-child\" data-id=\"9543fa6\" data-element_type=\"container\" data-e-type=\"container\" data-settings=\"{&quot;background_background&quot;:&quot;classic&quot;}\">\n\t\t\t\t<div class=\"elementor-element elementor-element-169f294 elementor-widget__width-initial elementor-widget elementor-widget-heading\" data-id=\"169f294\" data-element_type=\"widget\" data-e-type=\"widget\" data-widget_type=\"heading.default\">\n\t\t\t\t<div class=\"elementor-widget-container\">\n\t\t\t\t\t<span class=\"elementor-heading-title elementor-size-default\">Revestimentos com granilhas de quartzito, performance elevada<\/span>\t\t\t\t<\/div>\n\t\t\t\t<\/div>\n\t\t\t\t<\/div>\n\t\t\t\t\t<\/div>\n\t\t\t\t<\/div>\n\t\t<div class=\"elementor-element elementor-element-9e7b2b2 e-flex e-con-boxed e-con e-parent\" data-id=\"9e7b2b2\" data-element_type=\"container\" data-e-type=\"container\">\n\t\t\t\t\t<div class=\"e-con-inner\">\n\t\t<div class=\"elementor-element elementor-element-ecc01d9 e-con-full e-flex e-con e-child\" data-id=\"ecc01d9\" data-element_type=\"container\" data-e-type=\"container\">\n\t\t\t\t<div class=\"elementor-element elementor-element-8727d5e elementor-widget elementor-widget-text-editor\" data-id=\"8727d5e\" data-element_type=\"widget\" data-e-type=\"widget\" data-widget_type=\"text-editor.default\">\n\t\t\t\t<div class=\"elementor-widget-container\">\n\t\t\t\t\t\t\t\t\tLinha Quartzo\t\t\t\t\t\t\t\t<\/div>\n\t\t\t\t<\/div>\n\t\t\t\t<div class=\"elementor-element elementor-element-9155b7f elementor-widget__width-initial elementor-widget-mobile__width-initial elementor-widget elementor-widget-heading\" data-id=\"9155b7f\" data-element_type=\"widget\" data-e-type=\"widget\" data-widget_type=\"heading.default\">\n\t\t\t\t<div class=\"elementor-widget-container\">\n\t\t\t\t\t<span class=\"elementor-heading-title elementor-size-default\">Revestimento com granilhas de quartzito em tons naturais que proporciona alta resist\u00eancia e desempenho funcional<\/span>\t\t\t\t<\/div>\n\t\t\t\t<\/div>\n\t\t\t\t<\/div>\n\t\t<div class=\"elementor-element elementor-element-bf1e4f5 e-con-full e-flex e-con e-child\" data-id=\"bf1e4f5\" data-element_type=\"container\" data-e-type=\"container\">\n\t\t\t\t<div class=\"elementor-element elementor-element-bb1ae12 elementor-arrows-position-inside elementor-pagination-position-outside elementor-widget elementor-widget-image-carousel\" data-id=\"bb1ae12\" data-element_type=\"widget\" data-e-type=\"widget\" data-settings=\"{&quot;slides_to_show&quot;:&quot;4&quot;,&quot;image_spacing_custom&quot;:{&quot;unit&quot;:&quot;px&quot;,&quot;size&quot;:10,&quot;sizes&quot;:[]},&quot;navigation&quot;:&quot;both&quot;,&quot;autoplay&quot;:&quot;yes&quot;,&quot;pause_on_hover&quot;:&quot;yes&quot;,&quot;pause_on_interaction&quot;:&quot;yes&quot;,&quot;autoplay_speed&quot;:5000,&quot;infinite&quot;:&quot;yes&quot;,&quot;speed&quot;:500,&quot;image_spacing_custom_tablet&quot;:{&quot;unit&quot;:&quot;px&quot;,&quot;size&quot;:&quot;&quot;,&quot;sizes&quot;:[]},&quot;image_spacing_custom_mobile&quot;:{&quot;unit&quot;:&quot;px&quot;,&quot;size&quot;:&quot;&quot;,&quot;sizes&quot;:[]}}\" data-widget_type=\"image-carousel.default\">\n\t\t\t\t<div class=\"elementor-widget-container\">\n\t\t\t\t\t\t\t<div class=\"elementor-image-carousel-wrapper swiper\" role=\"region\" aria-roledescription=\"carousel\" aria-label=\"Image Carousel\" dir=\"ltr\">\n\t\t\t<div class=\"elementor-image-carousel swiper-wrapper\" aria-live=\"off\">\n\t\t\t\t\t\t\t\t<div class=\"swiper-slide\" role=\"group\" aria-roledescription=\"slide\" aria-label=\"1 of 17\"><figure class=\"swiper-slide-inner\"><img decoding=\"async\" class=\"swiper-slide-image\" src=\"https:\/\/www.tecnogran.com.br\/site\/wp-content\/uploads\/2025\/11\/ref_9887-2048x2048.jpg\" alt=\"ref_9887\" \/><\/figure><\/div><div class=\"swiper-slide\" role=\"group\" aria-roledescription=\"slide\" aria-label=\"2 of 17\"><figure class=\"swiper-slide-inner\"><img decoding=\"async\" class=\"swiper-slide-image\" src=\"https:\/\/www.tecnogran.com.br\/site\/wp-content\/uploads\/2025\/11\/ref_9888-1-2048x2048.jpg\" alt=\"ref_9888 (1)\" \/><\/figure><\/div><div class=\"swiper-slide\" role=\"group\" aria-roledescription=\"slide\" aria-label=\"3 of 17\"><figure class=\"swiper-slide-inner\"><img decoding=\"async\" class=\"swiper-slide-image\" src=\"https:\/\/www.tecnogran.com.br\/site\/wp-content\/uploads\/2025\/11\/ref_9888-2048x2048.jpg\" alt=\"ref_9888\" \/><\/figure><\/div><div class=\"swiper-slide\" role=\"group\" aria-roledescription=\"slide\" aria-label=\"4 of 17\"><figure class=\"swiper-slide-inner\"><img decoding=\"async\" class=\"swiper-slide-image\" src=\"https:\/\/www.tecnogran.com.br\/site\/wp-content\/uploads\/2025\/11\/ref_9889-2048x2048.jpg\" alt=\"ref_9889\" \/><\/figure><\/div><div class=\"swiper-slide\" role=\"group\" aria-roledescription=\"slide\" aria-label=\"5 of 17\"><figure class=\"swiper-slide-inner\"><img decoding=\"async\" class=\"swiper-slide-image\" src=\"https:\/\/www.tecnogran.com.br\/site\/wp-content\/uploads\/2025\/11\/ref_9890-2048x2048.jpg\" alt=\"ref_9890\" \/><\/figure><\/div><div class=\"swiper-slide\" role=\"group\" aria-roledescription=\"slide\" aria-label=\"6 of 17\"><figure class=\"swiper-slide-inner\"><img decoding=\"async\" class=\"swiper-slide-image\" src=\"https:\/\/www.tecnogran.com.br\/site\/wp-content\/uploads\/2025\/11\/ref_9908-2048x2048.jpg\" alt=\"ref_9908\" \/><\/figure><\/div><div class=\"swiper-slide\" role=\"group\" aria-roledescription=\"slide\" aria-label=\"7 of 17\"><figure class=\"swiper-slide-inner\"><img decoding=\"async\" class=\"swiper-slide-image\" src=\"https:\/\/www.tecnogran.com.br\/site\/wp-content\/uploads\/2025\/11\/ref_9909-1-2048x2048.jpg\" alt=\"ref_9909 (1)\" \/><\/figure><\/div><div class=\"swiper-slide\" role=\"group\" aria-roledescription=\"slide\" aria-label=\"8 of 17\"><figure class=\"swiper-slide-inner\"><img decoding=\"async\" class=\"swiper-slide-image\" src=\"https:\/\/www.tecnogran.com.br\/site\/wp-content\/uploads\/2025\/11\/ref_9909-2048x2048.jpg\" alt=\"ref_9909\" \/><\/figure><\/div><div class=\"swiper-slide\" role=\"group\" aria-roledescription=\"slide\" aria-label=\"9 of 17\"><figure class=\"swiper-slide-inner\"><img decoding=\"async\" class=\"swiper-slide-image\" src=\"https:\/\/www.tecnogran.com.br\/site\/wp-content\/uploads\/2025\/11\/ref_10054-2048x2048.jpg\" alt=\"ref_10054\" \/><\/figure><\/div><div class=\"swiper-slide\" role=\"group\" aria-roledescription=\"slide\" aria-label=\"10 of 17\"><figure class=\"swiper-slide-inner\"><img decoding=\"async\" class=\"swiper-slide-image\" src=\"https:\/\/www.tecnogran.com.br\/site\/wp-content\/uploads\/2025\/11\/ref_10055-1-2048x2048.jpg\" alt=\"ref_10055 (1)\" \/><\/figure><\/div><div class=\"swiper-slide\" role=\"group\" aria-roledescription=\"slide\" aria-label=\"11 of 17\"><figure class=\"swiper-slide-inner\"><img decoding=\"async\" class=\"swiper-slide-image\" src=\"https:\/\/www.tecnogran.com.br\/site\/wp-content\/uploads\/2025\/11\/ref_10055-2048x2048.jpg\" alt=\"ref_10055\" \/><\/figure><\/div><div class=\"swiper-slide\" role=\"group\" aria-roledescription=\"slide\" aria-label=\"12 of 17\"><figure class=\"swiper-slide-inner\"><img decoding=\"async\" class=\"swiper-slide-image\" src=\"https:\/\/www.tecnogran.com.br\/site\/wp-content\/uploads\/2025\/11\/ref_10056-2048x2048.jpg\" alt=\"ref_10056\" \/><\/figure><\/div><div class=\"swiper-slide\" role=\"group\" aria-roledescription=\"slide\" aria-label=\"13 of 17\"><figure class=\"swiper-slide-inner\"><img decoding=\"async\" class=\"swiper-slide-image\" src=\"https:\/\/www.tecnogran.com.br\/site\/wp-content\/uploads\/2025\/11\/ref-6118-1-2045x2048.jpg\" alt=\"ref-6118\" \/><\/figure><\/div><div class=\"swiper-slide\" role=\"group\" aria-roledescription=\"slide\" aria-label=\"14 of 17\"><figure class=\"swiper-slide-inner\"><img decoding=\"async\" class=\"swiper-slide-image\" src=\"https:\/\/www.tecnogran.com.br\/site\/wp-content\/uploads\/2025\/11\/ref-6313-1-2048x2048.jpg\" alt=\"ref-6313\" \/><\/figure><\/div><div class=\"swiper-slide\" role=\"group\" aria-roledescription=\"slide\" aria-label=\"15 of 17\"><figure class=\"swiper-slide-inner\"><img decoding=\"async\" class=\"swiper-slide-image\" src=\"https:\/\/www.tecnogran.com.br\/site\/wp-content\/uploads\/2025\/11\/ref-8971-1-2048x2048.jpg\" alt=\"ref-8971\" \/><\/figure><\/div><div class=\"swiper-slide\" role=\"group\" aria-roledescription=\"slide\" aria-label=\"16 of 17\"><figure class=\"swiper-slide-inner\"><img decoding=\"async\" class=\"swiper-slide-image\" src=\"https:\/\/www.tecnogran.com.br\/site\/wp-content\/uploads\/2025\/11\/ref-9508-1-2048x2048.jpg\" alt=\"ref-9508\" \/><\/figure><\/div><div class=\"swiper-slide\" role=\"group\" aria-roledescription=\"slide\" aria-label=\"17 of 17\"><figure class=\"swiper-slide-inner\"><img decoding=\"async\" class=\"swiper-slide-image\" src=\"https:\/\/www.tecnogran.com.br\/site\/wp-content\/uploads\/2025\/11\/ref-9925-2048x2048.jpg\" alt=\"ref-9925\" \/><\/figure><\/div>\t\t\t<\/div>\n\t\t\t\t\t\t\t\t\t\t\t\t<div class=\"elementor-swiper-button elementor-swiper-button-prev\" role=\"button\" tabindex=\"0\">\n\t\t\t\t\t\t<svg aria-hidden=\"true\" class=\"e-font-icon-svg e-eicon-chevron-left\" viewBox=\"0 0 1000 1000\" xmlns=\"http:\/\/www.w3.org\/2000\/svg\"><path d=\"M646 125C629 125 613 133 604 142L308 442C296 454 292 471 292 487 292 504 296 521 308 533L604 854C617 867 629 875 646 875 663 875 679 871 692 858 704 846 713 829 713 812 713 796 708 779 692 767L438 487 692 225C700 217 708 204 708 187 708 171 704 154 692 142 675 129 663 125 646 125Z\"><\/path><\/svg>\t\t\t\t\t<\/div>\n\t\t\t\t\t<div class=\"elementor-swiper-button elementor-swiper-button-next\" role=\"button\" tabindex=\"0\">\n\t\t\t\t\t\t<svg aria-hidden=\"true\" class=\"e-font-icon-svg e-eicon-chevron-right\" viewBox=\"0 0 1000 1000\" xmlns=\"http:\/\/www.w3.org\/2000\/svg\"><path d=\"M696 533C708 521 713 504 713 487 713 471 708 454 696 446L400 146C388 133 375 125 354 125 338 125 325 129 313 142 300 154 292 171 292 187 292 204 296 221 308 233L563 492 304 771C292 783 288 800 288 817 288 833 296 850 308 863 321 871 338 875 354 875 371 875 388 867 400 854L696 533Z\"><\/path><\/svg>\t\t\t\t\t<\/div>\n\t\t\t\t\n\t\t\t\t\t\t\t\t\t<div class=\"swiper-pagination\"><\/div>\n\t\t\t\t\t\t\t\t\t<\/div>\n\t\t\t\t\t\t<\/div>\n\t\t\t\t<\/div>\n\t\t\t\t<\/div>\n\t\t\t\t\t<\/div>\n\t\t\t\t<\/div>\n\t\t<div class=\"elementor-element elementor-element-8be4094 e-flex e-con-boxed e-con e-parent\" data-id=\"8be4094\" data-element_type=\"container\" data-e-type=\"container\">\n\t\t\t\t\t<div class=\"e-con-inner\">\n\t\t<div class=\"elementor-element elementor-element-f510a3a e-con-full e-flex e-con e-child\" data-id=\"f510a3a\" data-element_type=\"container\" data-e-type=\"container\">\n\t\t\t\t<div class=\"elementor-element elementor-element-1f742cc elementor-widget__width-initial elementor-widget elementor-widget-text-editor\" data-id=\"1f742cc\" data-element_type=\"widget\" data-e-type=\"widget\" data-widget_type=\"text-editor.default\">\n\t\t\t\t<div class=\"elementor-widget-container\">\n\t\t\t\t\t\t\t\t\tAplica\u00e7\u00f5es\t\t\t\t\t\t\t\t<\/div>\n\t\t\t\t<\/div>\n\t\t\t\t<div class=\"elementor-element elementor-element-c0462c5 elementor-widget__width-initial elementor-widget elementor-widget-text-editor\" data-id=\"c0462c5\" data-element_type=\"widget\" data-e-type=\"widget\" data-widget_type=\"text-editor.default\">\n\t\t\t\t<div class=\"elementor-widget-container\">\n\t\t\t\t\t\t\t\t\tEst\u00e9tica mineral e alta durabilidade para ambientes sofisticados\n\t\t\t\t\t\t\t\t<\/div>\n\t\t\t\t<\/div>\n\t\t\t\t<div class=\"elementor-element elementor-element-f879ca4 elementor-widget__width-initial elementor-widget elementor-widget-text-editor\" data-id=\"f879ca4\" data-element_type=\"widget\" data-e-type=\"widget\" data-widget_type=\"text-editor.default\">\n\t\t\t\t<div class=\"elementor-widget-container\">\n\t\t\t\t\t\t\t\t\tCom tons naturais, granilhas de quartzito e acabamento escovado, o revestimento oferece alta resist\u00eancia, durabilidade e desempenho funcional. \n\n\u00c9 a escolha ideal para projetos que exigem beleza atemporal e solu\u00e7\u00f5es t\u00e9cnicas eficientes para diferentes ambientes\t\t\t\t\t\t\t\t<\/div>\n\t\t\t\t<\/div>\n\t\t\t\t<div class=\"elementor-element elementor-element-595bbec elementor-align-left elementor-widget elementor-widget-button\" data-id=\"595bbec\" data-element_type=\"widget\" data-e-type=\"widget\" data-widget_type=\"button.default\">\n\t\t\t\t<div class=\"elementor-widget-container\">\n\t\t\t\t\t\t\t\t\t<div class=\"elementor-button-wrapper\">\n\t\t\t\t\t<a class=\"elementor-button elementor-button-link elementor-size-sm\" href=\"#elementor-action%3Aaction%3Dpopup%3Aopen%26settings%3DeyJpZCI6IjgyMTYiLCJ0b2dnbGUiOmZhbHNlfQ%3D%3D\">\n\t\t\t\t\t\t<span class=\"elementor-button-content-wrapper\">\n\t\t\t\t\t\t<span class=\"elementor-button-icon\">\n\t\t\t\t<svg aria-hidden=\"true\" class=\"e-font-icon-svg e-fas-arrow-circle-right\" viewBox=\"0 0 512 512\" xmlns=\"http:\/\/www.w3.org\/2000\/svg\"><path d=\"M256 8c137 0 248 111 248 248S393 504 256 504 8 393 8 256 119 8 256 8zm-28.9 143.6l75.5 72.4H120c-13.3 0-24 10.7-24 24v16c0 13.3 10.7 24 24 24h182.6l-75.5 72.4c-9.7 9.3-9.9 24.8-.4 34.3l11 10.9c9.4 9.4 24.6 9.4 33.9 0L404.3 273c9.4-9.4 9.4-24.6 0-33.9L271.6 106.3c-9.4-9.4-24.6-9.4-33.9 0l-11 10.9c-9.5 9.6-9.3 25.1.4 34.4z\"><\/path><\/svg>\t\t\t<\/span>\n\t\t\t\t\t\t\t\t\t<span class=\"elementor-button-text\">Entre em contato conosco<\/span>\n\t\t\t\t\t<\/span>\n\t\t\t\t\t<\/a>\n\t\t\t\t<\/div>\n\t\t\t\t\t\t\t\t<\/div>\n\t\t\t\t<\/div>\n\t\t\t\t<\/div>\n\t\t<div class=\"elementor-element elementor-element-ef60709 e-con-full e-flex e-con e-child\" data-id=\"ef60709\" data-element_type=\"container\" data-e-type=\"container\">\n\t\t\t\t<div class=\"elementor-element elementor-element-3f3fd51 elementor-widget__width-initial elementor-widget elementor-widget-image\" data-id=\"3f3fd51\" data-element_type=\"widget\" data-e-type=\"widget\" data-widget_type=\"image.default\">\n\t\t\t\t<div class=\"elementor-widget-container\">\n\t\t\t\t\t\t\t\t\t\t\t\t\t\t\t<img fetchpriority=\"high\" decoding=\"async\" width=\"1952\" height=\"2560\" src=\"https:\/\/www.tecnogran.com.br\/site\/wp-content\/uploads\/2025\/11\/q1-scaled.png\" class=\"attachment-full size-full wp-image-8497\" alt=\"\" srcset=\"https:\/\/www.tecnogran.com.br\/site\/wp-content\/uploads\/2025\/11\/q1-scaled.png 1952w, https:\/\/www.tecnogran.com.br\/site\/wp-content\/uploads\/2025\/11\/q1-229x300.png 229w, https:\/\/www.tecnogran.com.br\/site\/wp-content\/uploads\/2025\/11\/q1-781x1024.png 781w, https:\/\/www.tecnogran.com.br\/site\/wp-content\/uploads\/2025\/11\/q1-768x1007.png 768w, https:\/\/www.tecnogran.com.br\/site\/wp-content\/uploads\/2025\/11\/q1-1171x1536.png 1171w, https:\/\/www.tecnogran.com.br\/site\/wp-content\/uploads\/2025\/11\/q1-1562x2048.png 1562w\" sizes=\"(max-width: 1952px) 100vw, 1952px\" \/>\t\t\t\t\t\t\t\t\t\t\t\t\t\t\t<\/div>\n\t\t\t\t<\/div>\n\t\t\t\t<div class=\"elementor-element elementor-element-fc68485 elementor-widget__width-initial elementor-widget elementor-widget-image\" data-id=\"fc68485\" data-element_type=\"widget\" data-e-type=\"widget\" data-widget_type=\"image.default\">\n\t\t\t\t<div class=\"elementor-widget-container\">\n\t\t\t\t\t\t\t\t\t\t\t\t\t\t\t<img decoding=\"async\" width=\"1952\" height=\"2560\" src=\"https:\/\/www.tecnogran.com.br\/site\/wp-content\/uploads\/2025\/11\/q2-scaled.png\" class=\"attachment-full size-full wp-image-8498\" alt=\"\" srcset=\"https:\/\/www.tecnogran.com.br\/site\/wp-content\/uploads\/2025\/11\/q2-scaled.png 1952w, https:\/\/www.tecnogran.com.br\/site\/wp-content\/uploads\/2025\/11\/q2-229x300.png 229w, https:\/\/www.tecnogran.com.br\/site\/wp-content\/uploads\/2025\/11\/q2-781x1024.png 781w, https:\/\/www.tecnogran.com.br\/site\/wp-content\/uploads\/2025\/11\/q2-768x1007.png 768w, https:\/\/www.tecnogran.com.br\/site\/wp-content\/uploads\/2025\/11\/q2-1171x1536.png 1171w, https:\/\/www.tecnogran.com.br\/site\/wp-content\/uploads\/2025\/11\/q2-1562x2048.png 1562w\" sizes=\"(max-width: 1952px) 100vw, 1952px\" \/>\t\t\t\t\t\t\t\t\t\t\t\t\t\t\t<\/div>\n\t\t\t\t<\/div>\n\t\t\t\t<\/div>\n\t\t\t\t\t<\/div>\n\t\t\t\t<\/div>\n\t\t\t\t<\/div>\n\t\t","protected":false},"excerpt":{"rendered":"<p>Revestimentos com granilhas de quartzito, performance elevada Linha Quartzo Revestimento com granilhas de quartzito em tons naturais que proporciona alta resist\u00eancia e desempenho funcional Aplica\u00e7\u00f5esEst\u00e9tica mineral e alta durabilidade para ambientes sofisticados Com tons naturais, granilhas de quartzito e acabamento escovado, o revestimento oferece alta resist\u00eancia, durabilidade e desempenho funcional. \u00c9 a escolha ideal para [&hellip;]<\/p>\n","protected":false},"author":3,"featured_media":0,"parent":0,"menu_order":0,"comment_status":"closed","ping_status":"closed","template":"elementor_header_footer","meta":{"_acf_changed":false,"_joinchat":[],"footnotes":""},"class_list":["post-8493","page","type-page","status-publish","hentry"],"acf":[],"_links":{"self":[{"href":"https:\/\/www.tecnogran.com.br\/site\/wp-json\/wp\/v2\/pages\/8493","targetHints":{"allow":["GET"]}}],"collection":[{"href":"https:\/\/www.tecnogran.com.br\/site\/wp-json\/wp\/v2\/pages"}],"about":[{"href":"https:\/\/www.tecnogran.com.br\/site\/wp-json\/wp\/v2\/types\/page"}],"author":[{"embeddable":true,"href":"https:\/\/www.tecnogran.com.br\/site\/wp-json\/wp\/v2\/users\/3"}],"replies":[{"embeddable":true,"href":"https:\/\/www.tecnogran.com.br\/site\/wp-json\/wp\/v2\/comments?post=8493"}],"version-history":[{"count":13,"href":"https:\/\/www.tecnogran.com.br\/site\/wp-json\/wp\/v2\/pages\/8493\/revisions"}],"predecessor-version":[{"id":8842,"href":"https:\/\/www.tecnogran.com.br\/site\/wp-json\/wp\/v2\/pages\/8493\/revisions\/8842"}],"wp:attachment":[{"href":"https:\/\/www.tecnogran.com.br\/site\/wp-json\/wp\/v2\/media?parent=8493"}],"curies":[{"name":"wp","href":"https:\/\/api.w.org\/{rel}","templated":true}]}}